{"id":4339,"date":"2026-04-09T17:15:51","date_gmt":"2026-04-09T20:15:51","guid":{"rendered":"https:\/\/www.casinhadebrincar.com.br\/loja\/?post_type=product&#038;p=4339"},"modified":"2026-04-09T17:17:26","modified_gmt":"2026-04-09T20:17:26","slug":"casinhas-para-brinquedoteca","status":"publish","type":"product","link":"https:\/\/www.casinhadebrincar.com.br\/loja\/produto\/casinhas-para-brinquedoteca\/","title":{"rendered":"Casinhas para Brinquedoteca &#8211; Sorriso Empreendimentos"},"content":{"rendered":"<p>Compartilhamos um projeto especial, fabricado de forma personalizada e exclusiva, em parceria com a arquiteta Michele Hoffelder para o empreendimento Artesano, da Sorriso Empreendimentos em Itapema, uma construtora familiar que admiramos em nosso munic\u00edpio e para a qual foi uma honra desenvolver este trabalho.<\/p>\n<p>As casinhas, confeccionadas em madeiras nobres, com prateleiras em madeira maci\u00e7a e acabamento refinado, unem est\u00e9tica, durabilidade e seguran\u00e7a, em sintonia com a proposta do Artesano, que valoriza o feito \u00e0 m\u00e3o e a beleza dos detalhes.<\/p>\n<p>Mais do que um ambiente, um pequeno cen\u00e1rio de hist\u00f3rias, onde o brincar ganha forma e a inf\u00e2ncia encontra seu espa\u00e7o.<\/p>\n","protected":false},"excerpt":{"rendered":"<p>Compartilhamos um projeto especial, fabricado de forma personalizada e exclusiva, em parceria com a arquiteta Michele Hoffelder para o empreendimento Artesano, da Sorriso Empreendimentos em Itapema, uma construtora familiar que admiramos em nosso munic\u00edpio e para a qual foi uma honra desenvolver este trabalho. As casinhas, confeccionadas em madeiras nobres, com prateleiras em madeira maci\u00e7a [&hellip;]<\/p>\n","protected":false},"featured_media":4352,"comment_status":"open","ping_status":"closed","template":"","meta":[],"class_list":["post-4339","product","type-product","status-publish","has-post-thumbnail","hentry","product_cat-personalizado"],"_links":{"self":[{"href":"https:\/\/www.casinhadebrincar.com.br\/loja\/wp-json\/wp\/v2\/product\/4339","targetHints":{"allow":["GET"]}}],"collection":[{"href":"https:\/\/www.casinhadebrincar.com.br\/loja\/wp-json\/wp\/v2\/product"}],"about":[{"href":"https:\/\/www.casinhadebrincar.com.br\/loja\/wp-json\/wp\/v2\/types\/product"}],"replies":[{"embeddable":true,"href":"https:\/\/www.casinhadebrincar.com.br\/loja\/wp-json\/wp\/v2\/comments?post=4339"}],"wp:featuredmedia":[{"embeddable":true,"href":"https:\/\/www.casinhadebrincar.com.br\/loja\/wp-json\/wp\/v2\/media\/4352"}],"wp:attachment":[{"href":"https:\/\/www.casinhadebrincar.com.br\/loja\/wp-json\/wp\/v2\/media?parent=4339"}],"curies":[{"name":"wp","href":"https:\/\/api.w.org\/{rel}","templated":true}]}}