{"id":4195,"date":"2026-03-18T15:04:30","date_gmt":"2026-03-18T18:04:30","guid":{"rendered":"https:\/\/www.casinhadebrincar.com.br\/loja\/?post_type=product&#038;p=4195"},"modified":"2026-03-19T16:29:55","modified_gmt":"2026-03-19T19:29:55","slug":"cornhole-brincadeira-que-une-geracoes","status":"publish","type":"product","link":"https:\/\/www.casinhadebrincar.com.br\/loja\/produto\/cornhole-brincadeira-que-une-geracoes\/","title":{"rendered":"Cornhole"},"content":{"rendered":"<table width=\"603\">\n<tbody>\n<tr>\n<td width=\"168\"><strong>Dimens\u00f5es<\/strong><\/td>\n<td width=\"435\">Largura: 60 cm<\/p>\n<p>Profundidade: 1,20 m<\/p>\n<p>Altura: 30 cm<\/td>\n<\/tr>\n<tr>\n<td width=\"168\"><strong>Cor<\/strong><\/td>\n<td width=\"435\">Natural de madeira com detalhes em verde.<\/td>\n<\/tr>\n<tr>\n<td width=\"168\"><strong>Descri\u00e7\u00e3o<\/strong><\/td>\n<td width=\"435\">\n<p style=\"text-align: justify;\">Estrutura em madeira nobre, com parte superior em compensado naval de alta resist\u00eancia.<br data-start=\"97\" data-end=\"100\" \/>N\u00e3o utilizamos MDF, garantindo maior durabilidade, qualidade e acabamento superior em cada detalhe, para uso externo tamb\u00e9m.<\/p>\n<p>&#8211; Pe\u00e7as lixadas, n\u00e3o cont\u00e9m farpas.<\/p>\n<p>&#8211; As almofadas s\u00e3o confeccionadas em tecido imperme\u00e1vel Aquablock, da marca Karsten, com costura dupla refor\u00e7ada e z\u00edper.<\/p>\n<p style=\"text-align: justify;\">&#8211; O jogo conta com um processo artesanal, que valoriza e garante a exclusividade de cada pe\u00e7a. Nossa equipe cuida dos m\u00ednimos detalhes na fabrica\u00e7\u00e3o.<\/p>\n<p>&#8211; As bases acompanham al\u00e7as para transporte em corda n\u00e1utica, oferecendo resist\u00eancia e praticidade no manuseio.<\/p>\n<p><u>O jogo cont\u00e9m:<\/u><br \/>\n&#8211; 2 bases de cornhole com al\u00e7as para transporte.<br \/>\n&#8211; 10 almofadas em tecido imperme\u00e1vel (cores mostarda e vede oliva)<\/td>\n<\/tr>\n<\/tbody>\n<\/table>\n<table width=\"603\">\n<tbody>\n<tr>\n<td width=\"158\"><strong>Entrega\u00a0<\/strong><\/td>\n<td width=\"444\">O produto \u00e9 enviado montado por transportadora.<\/p>\n<p>Itapema, Balne\u00e1rio Cambori\u00fa, Cambori\u00fa, Itaja\u00ed, Porto Belo: R$ 50,00<\/p>\n<p>RS, SC, PR, SP, MG, GO, DF: R$ 150,00<\/p>\n<p>RJ, ES: Sob consulta.<\/p>\n<p>BA, SE, AL,PE, PB, RN, CE, PI, MA, TO, MT, MS, RO, PA: Sob consulta.<\/p>\n<p>AP,RR,AM,AC: Sob consulta.<\/td>\n<\/tr>\n<tr>\n<td width=\"158\"><\/td>\n<td width=\"444\"><\/td>\n<\/tr>\n<tr>\n<td width=\"158\"><strong>Estoque<\/strong><\/td>\n<td width=\"444\">Sob encomenda.<\/td>\n<\/tr>\n<\/tbody>\n<\/table>\n","protected":false},"excerpt":{"rendered":"<p class=\"\" data-start=\"221\" data-end=\"687\">Na Casinha de Brincar, acreditamos que a inf\u00e2ncia vive para sempre quando compartilhamos momentos em fam\u00edlia. Por isso, trouxemos para o nosso cat\u00e1logo um dos jogos mais amados dos Estados Unidos: o <em data-start=\"420\" data-end=\"430\">Cornhole<\/em>!<\/p>\n<p class=\"\" data-start=\"221\" data-end=\"687\">Fabricado com madeira de alta qualidade e acabamento artesanal, nosso Cornhole \u00e9 resistente, elegante e feito para divertir. Seja em um churrasco com amigos, na varanda de casa ou em um piquenique no parque, ele garante horas de alegria e intera\u00e7\u00e3o.<\/p>\n<p class=\"\" data-start=\"689\" data-end=\"903\">\u00a0objetivo do jogo \u00e9 simples, acertar os saquinhos no buraco da t\u00e1bua. A cada acerto, risadas garantidas e mem\u00f3rias criadas. Um brinquedo que une gera\u00e7\u00f5es, estimula coordena\u00e7\u00e3o e promove v\u00ednculo.<\/p>\n","protected":false},"featured_media":4200,"comment_status":"open","ping_status":"closed","template":"","meta":[],"class_list":["post-4195","product","type-product","status-publish","has-post-thumbnail","hentry","product_cat-mobilia"],"_links":{"self":[{"href":"https:\/\/www.casinhadebrincar.com.br\/loja\/wp-json\/wp\/v2\/product\/4195","targetHints":{"allow":["GET"]}}],"collection":[{"href":"https:\/\/www.casinhadebrincar.com.br\/loja\/wp-json\/wp\/v2\/product"}],"about":[{"href":"https:\/\/www.casinhadebrincar.com.br\/loja\/wp-json\/wp\/v2\/types\/product"}],"replies":[{"embeddable":true,"href":"https:\/\/www.casinhadebrincar.com.br\/loja\/wp-json\/wp\/v2\/comments?post=4195"}],"wp:featuredmedia":[{"embeddable":true,"href":"https:\/\/www.casinhadebrincar.com.br\/loja\/wp-json\/wp\/v2\/media\/4200"}],"wp:attachment":[{"href":"https:\/\/www.casinhadebrincar.com.br\/loja\/wp-json\/wp\/v2\/media?parent=4195"}],"curies":[{"name":"wp","href":"https:\/\/api.w.org\/{rel}","templated":true}]}}