{"id":4163,"date":"2024-08-22T16:15:24","date_gmt":"2024-08-22T19:15:24","guid":{"rendered":"https:\/\/www.casinhadebrincar.com.br\/loja\/?post_type=product&#038;p=4163"},"modified":"2024-08-22T16:20:13","modified_gmt":"2024-08-22T19:20:13","slug":"playground-exclusivo-embraed","status":"publish","type":"product","link":"https:\/\/www.casinhadebrincar.com.br\/loja\/produto\/playground-exclusivo-embraed\/","title":{"rendered":"Playground exclusivo Embraed"},"content":{"rendered":"<p>Projeto de playground exclusivo ao empreendimento Ilhas Mariana da Embraed, um empreendimento \u00fanico, inspirado nas deslumbrantes ilhas do Oceano Pac\u00edfico, que faz alus\u00e3o a Balne\u00e1rio Cambori\u00fa pelas suas belezas naturais, atra\u00e7\u00f5es e caracter\u00edsticas do edif\u00edcio.<\/p>\n<p>O playground fabricado com madeiras nobres apresentando cores vibrantes e vibrantes e quatro variedades de cordas n\u00e1uticas em sua composi\u00e7\u00e3o.<\/p>\n<p>\u00c9 sempre uma honra colaborar na fabrica\u00e7\u00e3o desses projetos exclusivos para a Embraed! Agradecemos a confian\u00e7a depositada.<\/p>\n","protected":false},"excerpt":{"rendered":"<p>Projeto de playground exclusivo ao empreendimento Ilhas Mariana da Embraed, um empreendimento \u00fanico, inspirado nas deslumbrantes ilhas do Oceano Pac\u00edfico, que faz alus\u00e3o a Balne\u00e1rio Cambori\u00fa pelas suas belezas naturais, atra\u00e7\u00f5es e caracter\u00edsticas do edif\u00edcio. O playground fabricado com madeiras nobres apresentando cores vibrantes e vibrantes e quatro variedades de cordas n\u00e1uticas em sua composi\u00e7\u00e3o. [&hellip;]<\/p>\n","protected":false},"featured_media":4167,"comment_status":"open","ping_status":"closed","template":"","meta":[],"class_list":["post-4163","product","type-product","status-publish","has-post-thumbnail","hentry","product_cat-personalizado"],"_links":{"self":[{"href":"https:\/\/www.casinhadebrincar.com.br\/loja\/wp-json\/wp\/v2\/product\/4163","targetHints":{"allow":["GET"]}}],"collection":[{"href":"https:\/\/www.casinhadebrincar.com.br\/loja\/wp-json\/wp\/v2\/product"}],"about":[{"href":"https:\/\/www.casinhadebrincar.com.br\/loja\/wp-json\/wp\/v2\/types\/product"}],"replies":[{"embeddable":true,"href":"https:\/\/www.casinhadebrincar.com.br\/loja\/wp-json\/wp\/v2\/comments?post=4163"}],"wp:featuredmedia":[{"embeddable":true,"href":"https:\/\/www.casinhadebrincar.com.br\/loja\/wp-json\/wp\/v2\/media\/4167"}],"wp:attachment":[{"href":"https:\/\/www.casinhadebrincar.com.br\/loja\/wp-json\/wp\/v2\/media?parent=4163"}],"curies":[{"name":"wp","href":"https:\/\/api.w.org\/{rel}","templated":true}]}}