{"id":4138,"date":"2024-07-02T16:26:32","date_gmt":"2024-07-02T19:26:32","guid":{"rendered":"https:\/\/www.casinhadebrincar.com.br\/loja\/?post_type=product&#038;p=4138"},"modified":"2024-07-02T16:55:18","modified_gmt":"2024-07-02T19:55:18","slug":"pergolado-e-playground-kada-construtora","status":"publish","type":"product","link":"https:\/\/www.casinhadebrincar.com.br\/loja\/produto\/pergolado-e-playground-kada-construtora\/","title":{"rendered":"Pergolado e Playground &#8211; Kada Construtora"},"content":{"rendered":"<p>Estamos felizes em compartilhar esse playground e pergolado de alto padr\u00e3o, que fabricamos para o empreendimento Le Princess da construtora Kada em Itapema &#8211; SC, conhecida pelo seu compromisso inabal\u00e1vel e o cuidado em cada detalhe.<\/p>\n<p>O playground foi projetado para proporcionar divers\u00e3o com seguran\u00e7a e o pergolado para ser um ref\u00fagio acolhedor, uma \u00e1rea de descanso perfeita para adultos, enquanto as crian\u00e7as se divertem no playground.<\/p>\n<p>Trabalhar com a Kada mais uma vez foi uma experi\u00eancia gratificante. Obrigada por nos proporcionar esta oportunidade e estamos ansiosos para continuar criando mais espa\u00e7os para voc\u00eas que tragam alegria e conforto para as fam\u00edlias.<\/p>\n<p><a href=\"https:\/\/www.instagram.com\/reel\/C8wofkwO4ib\/?igsh=bTlodTc3ZDFsazl2\" target=\"_blank\" rel=\"noopener noreferrer\">V\u00eddeo playground e pergolado &#8211; Kada Construtora<\/a><\/p>\n","protected":false},"excerpt":{"rendered":"<p>Estamos felizes em compartilhar esse playground e pergolado de alto padr\u00e3o, que fabricamos para o empreendimento Le Princess da construtora Kada em Itapema &#8211; SC, conhecida pelo seu compromisso inabal\u00e1vel e o cuidado em cada detalhe. O playground foi projetado para proporcionar divers\u00e3o com seguran\u00e7a e o pergolado para ser um ref\u00fagio acolhedor, uma \u00e1rea [&hellip;]<\/p>\n","protected":false},"featured_media":4140,"comment_status":"open","ping_status":"closed","template":"","meta":[],"class_list":["post-4138","product","type-product","status-publish","has-post-thumbnail","hentry","product_cat-personalizado"],"_links":{"self":[{"href":"https:\/\/www.casinhadebrincar.com.br\/loja\/wp-json\/wp\/v2\/product\/4138","targetHints":{"allow":["GET"]}}],"collection":[{"href":"https:\/\/www.casinhadebrincar.com.br\/loja\/wp-json\/wp\/v2\/product"}],"about":[{"href":"https:\/\/www.casinhadebrincar.com.br\/loja\/wp-json\/wp\/v2\/types\/product"}],"replies":[{"embeddable":true,"href":"https:\/\/www.casinhadebrincar.com.br\/loja\/wp-json\/wp\/v2\/comments?post=4138"}],"wp:featuredmedia":[{"embeddable":true,"href":"https:\/\/www.casinhadebrincar.com.br\/loja\/wp-json\/wp\/v2\/media\/4140"}],"wp:attachment":[{"href":"https:\/\/www.casinhadebrincar.com.br\/loja\/wp-json\/wp\/v2\/media?parent=4138"}],"curies":[{"name":"wp","href":"https:\/\/api.w.org\/{rel}","templated":true}]}}