{"id":3820,"date":"2022-03-23T10:48:11","date_gmt":"2022-03-23T13:48:11","guid":{"rendered":"https:\/\/www.casinhadebrincar.com.br\/loja\/?post_type=product&#038;p=3820"},"modified":"2026-01-30T11:52:05","modified_gmt":"2026-01-30T14:52:05","slug":"mercadinho","status":"publish","type":"product","link":"https:\/\/www.casinhadebrincar.com.br\/loja\/produto\/mercadinho\/","title":{"rendered":"Mercadinho"},"content":{"rendered":"<table width=\"729\">\n<tbody>\n<tr>\n<td width=\"168\"><strong>Dimens\u00f5es<\/strong><\/td>\n<td width=\"435\">Largura: 60 cm<\/p>\n<p>Profundidade: 0,37 cm<\/p>\n<p>Altura: 1,00 m<\/td>\n<\/tr>\n<tr>\n<td width=\"168\"><strong>Cor<\/strong><\/td>\n<td width=\"435\">Branco.<\/td>\n<\/tr>\n<tr>\n<td width=\"168\"><strong>Descri\u00e7\u00e3o<\/strong><\/td>\n<td width=\"435\">\u2013 O mercadinho \u00e9 produzido em madeira nobre e compensado. (N\u00e3o utilizamos MDF)<br \/>\n*Madeiras Nobres s\u00e3o aquelas com elevadas durabilidade natural, resist\u00eancia, bom aspecto geral e estabilidade em todos os sentidos. Utilizamos madeiras nobres de fornecedores que possuem DOF (Documento de Origem Florestal \u2013 Instituto Brasileiro do Meio Ambiente e dos Recursos Naturais Renov\u00e1veis).- A cozinha retr\u00f4 tem v\u00e1rias utilidades e tamb\u00e9m pode ser instalada \u00e1gua corrente.\u2013 Pintura: Tintas esmalte a base d\u2019\u00e1gua Premium ecol\u00f3gica, at\u00f3xica, sem cheiro, esmalte a base d\u2019\u00e1gua.<\/p>\n<p>\u2013 Acabamento Artesanal: Os m\u00f3veis contam com um processo artesanal, que valoriza e garante a exclusividade de cada pe\u00e7a. Nossa equipe cuida dos m\u00ednimos detalhes na fabrica\u00e7\u00e3o. A eleg\u00e2ncia e o tratamento art\u00edstico de nossos m\u00f3veis oferecem um design que alia beleza \u00e0 durabilidade.<\/p>\n<p>\u2013 Prateleiras na parte inferior s\u00e3o levemente inclinadas.<\/p>\n<p>\u2013 4 p\u00e9s de cozinha em madeira maci\u00e7a.<\/td>\n<\/tr>\n<\/tbody>\n<\/table>\n<table width=\"729\">\n<tbody>\n<tr>\n<td width=\"201\"><strong>Entrega<\/strong><\/td>\n<td width=\"528\">O produto \u00e9 enviado montado por transportadora.<\/p>\n<p>Taxa de entrega:<\/p>\n<p>Retirar na F\u00e1brica: R$ &#8212;<\/p>\n<p>Itapema, Balne\u00e1rio Cambori\u00fa, Cambori\u00fa, Itaja\u00ed, Porto Belo: R$ 70,00.<\/p>\n<p>RS, SC, PR, SP, MG, GO, DF: R$ 140,00.<\/p>\n<p>RJ, ES: 350,00<\/p>\n<p>BA, SE, AL,PE, PB, RN, CE, PI, MA, TO, MT, MS, RO, PA: Sob consulta.<\/p>\n<p>AP,RR,AM,AC: Sob consulta.<\/td>\n<\/tr>\n<\/tbody>\n<\/table>\n","protected":false},"excerpt":{"rendered":"<p>Ao passar dos anos fabricando casinhas, observamos a necessidade de nossos clientes, em ter um m\u00f3vel para acompanhar o padr\u00e3o de qualidade das casinhas. Por isso, a Casinha de Brincar desenvolveu sua nobre cole\u00e7\u00e3o de m\u00f3veis inspirados em nossos clientes mais que especiais, as crian\u00e7as.<\/p>\n","protected":false},"featured_media":3821,"comment_status":"open","ping_status":"closed","template":"","meta":[],"class_list":["post-3820","product","type-product","status-publish","has-post-thumbnail","hentry","product_cat-mobilia"],"_links":{"self":[{"href":"https:\/\/www.casinhadebrincar.com.br\/loja\/wp-json\/wp\/v2\/product\/3820","targetHints":{"allow":["GET"]}}],"collection":[{"href":"https:\/\/www.casinhadebrincar.com.br\/loja\/wp-json\/wp\/v2\/product"}],"about":[{"href":"https:\/\/www.casinhadebrincar.com.br\/loja\/wp-json\/wp\/v2\/types\/product"}],"replies":[{"embeddable":true,"href":"https:\/\/www.casinhadebrincar.com.br\/loja\/wp-json\/wp\/v2\/comments?post=3820"}],"wp:featuredmedia":[{"embeddable":true,"href":"https:\/\/www.casinhadebrincar.com.br\/loja\/wp-json\/wp\/v2\/media\/3821"}],"wp:attachment":[{"href":"https:\/\/www.casinhadebrincar.com.br\/loja\/wp-json\/wp\/v2\/media?parent=3820"}],"curies":[{"name":"wp","href":"https:\/\/api.w.org\/{rel}","templated":true}]}}