{"id":3599,"date":"2021-11-08T11:13:56","date_gmt":"2021-11-08T14:13:56","guid":{"rendered":"https:\/\/www.casinhadebrincar.com.br\/loja\/?post_type=product&#038;p=3599"},"modified":"2021-11-08T11:13:57","modified_gmt":"2021-11-08T14:13:57","slug":"deo-colonia-rino","status":"publish","type":"product","link":"https:\/\/www.casinhadebrincar.com.br\/loja\/produto\/deo-colonia-rino\/","title":{"rendered":"Deo Col\u00f4nia Rino"},"content":{"rendered":"<table width=\"603\">\n<tbody>\n<tr>\n<td width=\"168\">Informa\u00e7\u00f5es<\/td>\n<td width=\"435\">Dimens\u00f5es : 10 \u00d7 10 \u00d7 13.5 cm<\/p>\n<p><em>100 ml<\/em><\/td>\n<\/tr>\n<tr>\n<td width=\"168\">Marca<\/td>\n<td width=\"435\">Ciclo Cosm\u00e9ticos<\/td>\n<\/tr>\n<tr>\n<td width=\"168\">Descri\u00e7\u00e3o<\/td>\n<td width=\"435\">Fam\u00edlia olfativa: c\u00edtrica.<\/p>\n<p>Principais notas: lim\u00e3o, lavanda, jasmim e musk.<\/p>\n<p>*Dermatologicamente testado.<\/p>\n<p>*Produto desenvolvido para crian\u00e7as a partir de 3 anos.<\/p>\n<p>*Produto vegano e n\u00e3o testado em animais.<\/p>\n<p>&nbsp;<\/td>\n<\/tr>\n<tr>\n<td width=\"168\"><strong>Valor<\/strong><\/td>\n<td width=\"435\">R$ 69,00<\/td>\n<\/tr>\n<tr>\n<td width=\"168\"><strong>Entrega <\/strong><\/td>\n<td width=\"435\">Frete gr\u00e1tis acompanhando outros produtos de nossa linha (Casinhas, Playgrounds ou M\u00f3veis Infantis)<\/td>\n<\/tr>\n<tr>\n<td width=\"168\"><\/td>\n<td width=\"435\"><\/td>\n<\/tr>\n<\/tbody>\n<\/table>\n","protected":false},"excerpt":{"rendered":"<p>Rino \u00e9 o rinoceronte que veio direto da floresta, divertido e aventureiro e voc\u00ea vai amar o cheirinho c\u00edtrico dele.<br \/>\nE voc\u00ea pode tamb\u00e9m perfumar suas roupas, arm\u00e1rio, casinha e onde mais sua imagina\u00e7\u00e3o permitir! <\/p>\n","protected":false},"featured_media":3600,"comment_status":"open","ping_status":"closed","template":"","meta":[],"class_list":["post-3599","product","type-product","status-publish","has-post-thumbnail","hentry","product_cat-perfumes"],"_links":{"self":[{"href":"https:\/\/www.casinhadebrincar.com.br\/loja\/wp-json\/wp\/v2\/product\/3599","targetHints":{"allow":["GET"]}}],"collection":[{"href":"https:\/\/www.casinhadebrincar.com.br\/loja\/wp-json\/wp\/v2\/product"}],"about":[{"href":"https:\/\/www.casinhadebrincar.com.br\/loja\/wp-json\/wp\/v2\/types\/product"}],"replies":[{"embeddable":true,"href":"https:\/\/www.casinhadebrincar.com.br\/loja\/wp-json\/wp\/v2\/comments?post=3599"}],"wp:featuredmedia":[{"embeddable":true,"href":"https:\/\/www.casinhadebrincar.com.br\/loja\/wp-json\/wp\/v2\/media\/3600"}],"wp:attachment":[{"href":"https:\/\/www.casinhadebrincar.com.br\/loja\/wp-json\/wp\/v2\/media?parent=3599"}],"curies":[{"name":"wp","href":"https:\/\/api.w.org\/{rel}","templated":true}]}}