{"id":3576,"date":"2021-11-08T10:41:56","date_gmt":"2021-11-08T13:41:56","guid":{"rendered":"https:\/\/www.casinhadebrincar.com.br\/loja\/?post_type=product&#038;p=3576"},"modified":"2021-11-08T10:52:51","modified_gmt":"2021-11-08T13:52:51","slug":"cici-bela","status":"publish","type":"product","link":"https:\/\/www.casinhadebrincar.com.br\/loja\/produto\/cici-bela\/","title":{"rendered":"Deo Col\u00f4nia Cici Bela"},"content":{"rendered":"<table width=\"603\">\n<tbody>\n<tr>\n<td width=\"168\">Informa\u00e7\u00f5es<\/td>\n<td width=\"435\">Dimens\u00f5es : 10 \u00d7 10 \u00d7 13.5 cm<\/p>\n<p><em>100 ml<\/em><\/td>\n<\/tr>\n<tr>\n<td width=\"168\">Marca<\/td>\n<td width=\"435\">Ciclo Cosm\u00e9ticos<\/td>\n<\/tr>\n<tr>\n<td width=\"168\">Descri\u00e7\u00e3o<\/td>\n<td width=\"435\">Fam\u00edlia olfativa:\u00a0Floral Frutal.<\/p>\n<p>Principais notas:\u00a0Floral, Frutal, Amadeirada, Polvorosa e Musk.<\/p>\n<p>*Dermatologicamente testado.<\/p>\n<p>*Produto desenvolvido para crian\u00e7as a partir de 6 anos.<\/p>\n<p>*Produto vegano e n\u00e3o testado em animais.<\/td>\n<\/tr>\n<tr>\n<td width=\"168\"><strong>Valor<\/strong><\/td>\n<td width=\"435\">R$ 69,00<\/td>\n<\/tr>\n<tr>\n<td width=\"168\"><strong>Entrega <\/strong><\/td>\n<td width=\"435\">Frete gr\u00e1tis acompanhando outros produtos de nossa linha (Casinhas, Playgrounds ou M\u00f3veis Infantis)<\/td>\n<\/tr>\n<tr>\n<td width=\"168\"><\/td>\n<td width=\"435\"><\/td>\n<\/tr>\n<\/tbody>\n<\/table>\n","protected":false},"excerpt":{"rendered":"<p>Deo Col\u00f4nia Cici Bela<\/p>\n<p>A Deo Col\u00f4nia Cici Bela foi desenvolvida especialmente para as meninas tweens que adoram estar sempre perfumadas e tamb\u00e9m para perfumar suas roupas, arm\u00e1rio, casinha e onde mais sua imagina\u00e7\u00e3o permitir! Espalhe seu cheirinho por a\u00ed!<\/p>\n","protected":false},"featured_media":3578,"comment_status":"open","ping_status":"closed","template":"","meta":[],"class_list":["post-3576","product","type-product","status-publish","has-post-thumbnail","hentry","product_cat-perfumes"],"_links":{"self":[{"href":"https:\/\/www.casinhadebrincar.com.br\/loja\/wp-json\/wp\/v2\/product\/3576","targetHints":{"allow":["GET"]}}],"collection":[{"href":"https:\/\/www.casinhadebrincar.com.br\/loja\/wp-json\/wp\/v2\/product"}],"about":[{"href":"https:\/\/www.casinhadebrincar.com.br\/loja\/wp-json\/wp\/v2\/types\/product"}],"replies":[{"embeddable":true,"href":"https:\/\/www.casinhadebrincar.com.br\/loja\/wp-json\/wp\/v2\/comments?post=3576"}],"wp:featuredmedia":[{"embeddable":true,"href":"https:\/\/www.casinhadebrincar.com.br\/loja\/wp-json\/wp\/v2\/media\/3578"}],"wp:attachment":[{"href":"https:\/\/www.casinhadebrincar.com.br\/loja\/wp-json\/wp\/v2\/media?parent=3576"}],"curies":[{"name":"wp","href":"https:\/\/api.w.org\/{rel}","templated":true}]}}