{"id":3566,"date":"2021-11-08T10:16:12","date_gmt":"2021-11-08T13:16:12","guid":{"rendered":"https:\/\/www.casinhadebrincar.com.br\/loja\/?post_type=product&#038;p=3566"},"modified":"2023-06-21T10:53:19","modified_gmt":"2023-06-21T13:53:19","slug":"casa-na-arvore-personalizada","status":"publish","type":"product","link":"https:\/\/www.casinhadebrincar.com.br\/loja\/produto\/casa-na-arvore-personalizada\/","title":{"rendered":"Casa na \u00e1rvore personalizada"},"content":{"rendered":"<p>Casinha fabricada com materiais e acabamentos de alto padr\u00e3o. A casinha de Brincar trabalha com sua equipe para executar o projeto da casinha conforme o cliente desejar. Queremos trazer vida para seus sonhos!<\/p>\n<p>Agradecemos a confian\u00e7a da fam\u00edlia! Foi uma honra para nossa empresa fabricarmos essa linda casa de \u00e1rvore.<\/p>\n<p>&nbsp;<\/p>\n<p>Aprecie cada detalhe da casinha:<\/p>\n<p><a href=\"https:\/\/www.youtube.com\/watch?v=xmDQCpqjQLw\">https:\/\/www.youtube.com\/watch?v=xmDQCpqjQLw<\/a><\/p>\n","protected":false},"excerpt":{"rendered":"<p>Esse projeto foi cuidadosamente planejado com muito amor pelos av\u00f3s. A ideia era construir uma casinha em meio aos troncos de \u00e1rvore de seu bel\u00edssimo jardim respeitando ao m\u00e1ximo as caracter\u00edsticas naturais e criando um espa\u00e7o ref\u00fagio para a fam\u00edlia e muita divers\u00e3o para os netos.<\/p>\n","protected":false},"featured_media":3567,"comment_status":"open","ping_status":"closed","template":"","meta":[],"class_list":["post-3566","product","type-product","status-publish","has-post-thumbnail","hentry","product_cat-personalizado"],"_links":{"self":[{"href":"https:\/\/www.casinhadebrincar.com.br\/loja\/wp-json\/wp\/v2\/product\/3566","targetHints":{"allow":["GET"]}}],"collection":[{"href":"https:\/\/www.casinhadebrincar.com.br\/loja\/wp-json\/wp\/v2\/product"}],"about":[{"href":"https:\/\/www.casinhadebrincar.com.br\/loja\/wp-json\/wp\/v2\/types\/product"}],"replies":[{"embeddable":true,"href":"https:\/\/www.casinhadebrincar.com.br\/loja\/wp-json\/wp\/v2\/comments?post=3566"}],"wp:featuredmedia":[{"embeddable":true,"href":"https:\/\/www.casinhadebrincar.com.br\/loja\/wp-json\/wp\/v2\/media\/3567"}],"wp:attachment":[{"href":"https:\/\/www.casinhadebrincar.com.br\/loja\/wp-json\/wp\/v2\/media?parent=3566"}],"curies":[{"name":"wp","href":"https:\/\/api.w.org\/{rel}","templated":true}]}}