{"id":3558,"date":"2021-11-08T10:02:16","date_gmt":"2021-11-08T13:02:16","guid":{"rendered":"https:\/\/www.casinhadebrincar.com.br\/loja\/?post_type=product&#038;p=3558"},"modified":"2021-11-08T10:14:33","modified_gmt":"2021-11-08T13:14:33","slug":"projeto-personalizado-patricia-mahfud-aquitetura","status":"publish","type":"product","link":"https:\/\/www.casinhadebrincar.com.br\/loja\/produto\/projeto-personalizado-patricia-mahfud-aquitetura\/","title":{"rendered":"Projeto personalizado &#8211; Patricia Mahfud Aquitetura"},"content":{"rendered":"<p>Na fabrica\u00e7\u00e3o garantimos a qualidade em cada detalhe. Madeiras nobres de Ita\u00faba com Cedro Vermelho pintado na cor intensa laranja com o sublime verde que se destacou em torno do belo paisagismo.<\/p>\n<p>&nbsp;<\/p>\n<p>Patricia Mahfud Aquitetura<\/p>\n<p>@arq.patriciamahfud<\/p>\n<p>Jaragu\u00e1 do Sul\/SC<\/p>\n","protected":false},"excerpt":{"rendered":"<p>Casinha foi projetada pela arquiteta Patricia Mahfud, uma casinha de brincar delicadamente moderna para toda a fam\u00edlia, que re\u00fane conforto e aconchego.<\/p>\n","protected":false},"featured_media":3559,"comment_status":"open","ping_status":"closed","template":"","meta":[],"class_list":["post-3558","product","type-product","status-publish","has-post-thumbnail","hentry","product_cat-personalizado"],"_links":{"self":[{"href":"https:\/\/www.casinhadebrincar.com.br\/loja\/wp-json\/wp\/v2\/product\/3558","targetHints":{"allow":["GET"]}}],"collection":[{"href":"https:\/\/www.casinhadebrincar.com.br\/loja\/wp-json\/wp\/v2\/product"}],"about":[{"href":"https:\/\/www.casinhadebrincar.com.br\/loja\/wp-json\/wp\/v2\/types\/product"}],"replies":[{"embeddable":true,"href":"https:\/\/www.casinhadebrincar.com.br\/loja\/wp-json\/wp\/v2\/comments?post=3558"}],"wp:featuredmedia":[{"embeddable":true,"href":"https:\/\/www.casinhadebrincar.com.br\/loja\/wp-json\/wp\/v2\/media\/3559"}],"wp:attachment":[{"href":"https:\/\/www.casinhadebrincar.com.br\/loja\/wp-json\/wp\/v2\/media?parent=3558"}],"curies":[{"name":"wp","href":"https:\/\/api.w.org\/{rel}","templated":true}]}}