{"id":3443,"date":"2021-08-05T21:51:17","date_gmt":"2021-08-06T00:51:17","guid":{"rendered":"https:\/\/www.casinhadebrincar.com.br\/loja\/?post_type=product&#038;p=3443"},"modified":"2021-11-30T10:08:44","modified_gmt":"2021-11-30T13:08:44","slug":"casa-de-arvore-personalizada-madeira-grapia","status":"publish","type":"product","link":"https:\/\/www.casinhadebrincar.com.br\/loja\/produto\/casa-de-arvore-personalizada-madeira-grapia\/","title":{"rendered":"Playground personalizada &#8211; Madeira Gr\u00e1pia"},"content":{"rendered":"<p>Fabricamos a casinha em madeiras nobres de Gr\u00e1pia e as \u00e1rvores foram envolvidas com o deck da casinha e brinquedos foram adicionados para as aventuras das crian\u00e7as. E claro que n\u00e3o poderia faltar a cesta com roldana para levar as provis\u00f5es para a casinha (lanchinhos, livros, brinquedos..).<br \/>\nFoi uma honra para n\u00f3s atendermos essa fam\u00edlia!<\/p>\n","protected":false},"excerpt":{"rendered":"<p>A ideia era ter uma casinha r\u00fastica para que as crian\u00e7as pudessem curtir e carregar ela de hist\u00f3rias! Os clientes desejavam implantar a casa no jardim respeitando o espa\u00e7o das \u00e1rvores.<\/p>\n","protected":false},"featured_media":3444,"comment_status":"open","ping_status":"closed","template":"","meta":[],"product_brand":[],"product_cat":[40],"product_tag":[],"class_list":{"0":"post-3443","1":"product","2":"type-product","3":"status-publish","4":"has-post-thumbnail","6":"product_cat-personalizado","8":"first","9":"onbackorder","10":"shipping-taxable","11":"product-type-simple"},"_links":{"self":[{"href":"https:\/\/www.casinhadebrincar.com.br\/loja\/wp-json\/wp\/v2\/product\/3443","targetHints":{"allow":["GET"]}}],"collection":[{"href":"https:\/\/www.casinhadebrincar.com.br\/loja\/wp-json\/wp\/v2\/product"}],"about":[{"href":"https:\/\/www.casinhadebrincar.com.br\/loja\/wp-json\/wp\/v2\/types\/product"}],"replies":[{"embeddable":true,"href":"https:\/\/www.casinhadebrincar.com.br\/loja\/wp-json\/wp\/v2\/comments?post=3443"}],"wp:featuredmedia":[{"embeddable":true,"href":"https:\/\/www.casinhadebrincar.com.br\/loja\/wp-json\/wp\/v2\/media\/3444"}],"wp:attachment":[{"href":"https:\/\/www.casinhadebrincar.com.br\/loja\/wp-json\/wp\/v2\/media?parent=3443"}],"wp:term":[{"taxonomy":"product_brand","embeddable":true,"href":"https:\/\/www.casinhadebrincar.com.br\/loja\/wp-json\/wp\/v2\/product_brand?post=3443"},{"taxonomy":"product_cat","embeddable":true,"href":"https:\/\/www.casinhadebrincar.com.br\/loja\/wp-json\/wp\/v2\/product_cat?post=3443"},{"taxonomy":"product_tag","embeddable":true,"href":"https:\/\/www.casinhadebrincar.com.br\/loja\/wp-json\/wp\/v2\/product_tag?post=3443"}],"curies":[{"name":"wp","href":"https:\/\/api.w.org\/{rel}","templated":true}]}}