{"id":3429,"date":"2021-08-05T12:09:27","date_gmt":"2021-08-05T15:09:27","guid":{"rendered":"https:\/\/www.casinhadebrincar.com.br\/loja\/?post_type=product&#038;p=3429"},"modified":"2021-11-27T11:35:18","modified_gmt":"2021-11-27T14:35:18","slug":"casa-de-arrvore-personalizada","status":"publish","type":"product","link":"https:\/\/www.casinhadebrincar.com.br\/loja\/produto\/casa-de-arrvore-personalizada\/","title":{"rendered":"Casa de \u00e1rvore personalizada &#8211; Madeira Ita\u00faba"},"content":{"rendered":"<p>Madeira Ita\u00faba<\/p>\n","protected":false},"excerpt":{"rendered":"<p>Madeira Ita\u00faba<\/p>\n","protected":false},"featured_media":3430,"comment_status":"open","ping_status":"closed","template":"","meta":[],"class_list":["post-3429","product","type-product","status-publish","has-post-thumbnail","hentry","product_cat-personalizado"],"_links":{"self":[{"href":"https:\/\/www.casinhadebrincar.com.br\/loja\/wp-json\/wp\/v2\/product\/3429","targetHints":{"allow":["GET"]}}],"collection":[{"href":"https:\/\/www.casinhadebrincar.com.br\/loja\/wp-json\/wp\/v2\/product"}],"about":[{"href":"https:\/\/www.casinhadebrincar.com.br\/loja\/wp-json\/wp\/v2\/types\/product"}],"replies":[{"embeddable":true,"href":"https:\/\/www.casinhadebrincar.com.br\/loja\/wp-json\/wp\/v2\/comments?post=3429"}],"wp:featuredmedia":[{"embeddable":true,"href":"https:\/\/www.casinhadebrincar.com.br\/loja\/wp-json\/wp\/v2\/media\/3430"}],"wp:attachment":[{"href":"https:\/\/www.casinhadebrincar.com.br\/loja\/wp-json\/wp\/v2\/media?parent=3429"}],"curies":[{"name":"wp","href":"https:\/\/api.w.org\/{rel}","templated":true}]}}