{"id":2471,"date":"2020-08-25T15:52:06","date_gmt":"2020-08-25T18:52:06","guid":{"rendered":"http:\/\/srv16.teste.website\/~casinhadebrincar\/loja\/?post_type=product&#038;p=2471"},"modified":"2026-01-30T11:51:20","modified_gmt":"2026-01-30T14:51:20","slug":"vaso-suspenso-com-flores","status":"publish","type":"product","link":"https:\/\/www.casinhadebrincar.com.br\/loja\/produto\/vaso-suspenso-com-flores\/","title":{"rendered":"Vaso suspenso com flores"},"content":{"rendered":"<table width=\"603\">\n<tbody>\n<tr>\n<td width=\"196\"><strong>Dimens\u00f5es<\/strong><\/td>\n<td width=\"406\">Di\u00e2metro: 11 cm<\/p>\n<p>Altura: 9 cm<\/td>\n<\/tr>\n<tr>\n<td width=\"196\"><strong>Cor<\/strong><\/td>\n<td width=\"406\">Branco. Flores em tom de rosa.<\/td>\n<\/tr>\n<tr>\n<td width=\"196\"><strong>Descri\u00e7\u00e3o<\/strong><\/td>\n<td width=\"406\">&#8211; Vaso e correntes pl\u00e1sticas.<\/p>\n<p>&#8211; Flores artificiais de alto padr\u00e3o, lav\u00e1veis e de apar\u00eancias semelhante a naturais.<\/td>\n<\/tr>\n<tr>\n<td width=\"196\"><strong>Entrega\u00a0<\/strong><\/td>\n<td width=\"406\">Frete gr\u00e1tis acompanhando outros produtos de nossa linha (Casinhas, Playgrounds ou M\u00f3veis Infantis)<\/td>\n<\/tr>\n<tr>\n<td width=\"196\"><\/td>\n<td width=\"406\"><\/td>\n<\/tr>\n<tr>\n<td width=\"196\"><\/td>\n<td width=\"406\"><\/td>\n<\/tr>\n<tr>\n<td width=\"196\"><\/td>\n<td width=\"406\"><\/td>\n<\/tr>\n<\/tbody>\n<\/table>\n","protected":false},"excerpt":{"rendered":"<p>As flores e vasos acrescentam um toque especial na casinha!<\/p>\n","protected":false},"featured_media":2472,"comment_status":"open","ping_status":"closed","template":"","meta":[],"class_list":["post-2471","product","type-product","status-publish","has-post-thumbnail","hentry","product_cat-mobilia"],"_links":{"self":[{"href":"https:\/\/www.casinhadebrincar.com.br\/loja\/wp-json\/wp\/v2\/product\/2471","targetHints":{"allow":["GET"]}}],"collection":[{"href":"https:\/\/www.casinhadebrincar.com.br\/loja\/wp-json\/wp\/v2\/product"}],"about":[{"href":"https:\/\/www.casinhadebrincar.com.br\/loja\/wp-json\/wp\/v2\/types\/product"}],"replies":[{"embeddable":true,"href":"https:\/\/www.casinhadebrincar.com.br\/loja\/wp-json\/wp\/v2\/comments?post=2471"}],"wp:featuredmedia":[{"embeddable":true,"href":"https:\/\/www.casinhadebrincar.com.br\/loja\/wp-json\/wp\/v2\/media\/2472"}],"wp:attachment":[{"href":"https:\/\/www.casinhadebrincar.com.br\/loja\/wp-json\/wp\/v2\/media?parent=2471"}],"curies":[{"name":"wp","href":"https:\/\/api.w.org\/{rel}","templated":true}]}}