{"id":2414,"date":"2020-08-24T17:18:13","date_gmt":"2020-08-24T20:18:13","guid":{"rendered":"http:\/\/srv16.teste.website\/~casinhadebrincar\/loja\/?post_type=product&#038;p=2414"},"modified":"2026-01-30T14:51:34","modified_gmt":"2026-01-30T17:51:34","slug":"suporte-de-madeira-para-rede","status":"publish","type":"product","link":"https:\/\/www.casinhadebrincar.com.br\/loja\/produto\/suporte-de-madeira-para-rede\/","title":{"rendered":"Suporte de madeira para rede"},"content":{"rendered":"<table width=\"603\">\n<tbody>\n<tr>\n<td width=\"168\"><strong>Dimens\u00f5es<\/strong><\/td>\n<td width=\"435\">Largura: 1,10 m<\/p>\n<p>Profundidade: 3,30 m<\/p>\n<p>Altura: 1,50 m<\/td>\n<\/tr>\n<tr>\n<td width=\"168\"><strong>Cor<\/strong><\/td>\n<td width=\"435\">Natural da madeira.<\/td>\n<\/tr>\n<tr>\n<td width=\"168\"><strong>Descri\u00e7\u00e3o<\/strong><\/p>\n<p><strong>\u00a0<\/strong><\/p>\n<p><strong>\u00a0<\/strong><\/p>\n<p><strong>\u00a0<\/strong><\/p>\n<p><strong>\u00a0<\/strong><\/p>\n<p><strong>\u00a0<\/strong><\/p>\n<p><strong>\u00a0<\/strong><\/p>\n<p><strong>\u00a0<\/strong><\/p>\n<p><strong>\u00a0<\/strong><\/p>\n<p><strong>\u00a0<\/strong><\/p>\n<p><strong>\u00a0<\/strong><\/p>\n<p><strong>\u00a0<\/strong><\/p>\n<p><strong>\u00a0<\/strong><\/p>\n<p><strong>\u00a0<\/strong><\/p>\n<p><strong>\u00a0<\/strong><\/p>\n<p><strong>\u00a0<\/strong><\/p>\n<p><strong>\u00a0<\/strong><\/td>\n<td width=\"435\">&#8211; Suporte produzido com madeira de lei (Cambara).<\/p>\n<p>&#8211; Resistente e n\u00e3o tem possibilidade de queda ao balan\u00e7ar.<\/p>\n<p>&#8211; Engates inoxid\u00e1veis para a rede.<\/p>\n<p>&#8211; Uso externo ou interno.<\/p>\n<p>&#8211; Pintura: Sparlak Stain Plus: \u00c9 um impregnante para madeira que oferece alta repel\u00eancia \u00e0 \u00e1gua e um lindo acabamento acetinado, que real\u00e7a o relevo natural da madeira proporcionando mais beleza \u00e0 superf\u00edcie. Possui baixa forma\u00e7\u00e3o de filme, que \u00e9 capaz de acompanhar os movimentos naturais da madeira, n\u00e3o trinca e n\u00e3o descasca.<\/p>\n<p>&#8211; Pe\u00e7as lixadas &#8211; n\u00e3o cont\u00e9m farpas.<\/p>\n<p>&#8211; Acabamento Artesanal: Os m\u00f3veis contam com um processo artesanal, que valoriza e garante a exclusividade de cada pe\u00e7a. Nossa equipe cuida dos m\u00ednimos detalhes na fabrica\u00e7\u00e3o. A eleg\u00e2ncia e o tratamento art\u00edstico de nossos m\u00f3veis oferecem um design que alia beleza \u00e0 durabilidade.<\/p>\n<p>*Rede n\u00e3o inclusa.<\/td>\n<\/tr>\n<\/tbody>\n<\/table>\n<table width=\"603\">\n<tbody>\n<tr>\n<td width=\"158\"><strong>Entrega e Montagem<\/strong><\/td>\n<td width=\"444\">O produto \u00e9 enviado montado por transportadora.<\/p>\n<p>Taxa de entrega: Sob Consulta<\/p>\n<p>Retirar na F\u00e1brica: &#8212;<\/td>\n<\/tr>\n<tr>\n<td width=\"158\"><\/td>\n<td width=\"444\"><\/td>\n<\/tr>\n<tr>\n<td width=\"158\"><strong>Estoque<\/strong><\/td>\n<td width=\"444\">Sob encomenda.<\/td>\n<\/tr>\n<\/tbody>\n<\/table>\n","protected":false},"excerpt":{"rendered":"<p>Para aproveitar seus momentos de lazer e descanso.<\/p>\n","protected":false},"featured_media":2415,"comment_status":"open","ping_status":"closed","template":"","meta":[],"product_brand":[],"product_cat":[39],"product_tag":[],"class_list":{"0":"post-2414","1":"product","2":"type-product","3":"status-publish","4":"has-post-thumbnail","6":"product_cat-mobilia","8":"first","9":"onbackorder","10":"shipping-taxable","11":"purchasable","12":"product-type-simple"},"_links":{"self":[{"href":"https:\/\/www.casinhadebrincar.com.br\/loja\/wp-json\/wp\/v2\/product\/2414","targetHints":{"allow":["GET"]}}],"collection":[{"href":"https:\/\/www.casinhadebrincar.com.br\/loja\/wp-json\/wp\/v2\/product"}],"about":[{"href":"https:\/\/www.casinhadebrincar.com.br\/loja\/wp-json\/wp\/v2\/types\/product"}],"replies":[{"embeddable":true,"href":"https:\/\/www.casinhadebrincar.com.br\/loja\/wp-json\/wp\/v2\/comments?post=2414"}],"wp:featuredmedia":[{"embeddable":true,"href":"https:\/\/www.casinhadebrincar.com.br\/loja\/wp-json\/wp\/v2\/media\/2415"}],"wp:attachment":[{"href":"https:\/\/www.casinhadebrincar.com.br\/loja\/wp-json\/wp\/v2\/media?parent=2414"}],"wp:term":[{"taxonomy":"product_brand","embeddable":true,"href":"https:\/\/www.casinhadebrincar.com.br\/loja\/wp-json\/wp\/v2\/product_brand?post=2414"},{"taxonomy":"product_cat","embeddable":true,"href":"https:\/\/www.casinhadebrincar.com.br\/loja\/wp-json\/wp\/v2\/product_cat?post=2414"},{"taxonomy":"product_tag","embeddable":true,"href":"https:\/\/www.casinhadebrincar.com.br\/loja\/wp-json\/wp\/v2\/product_tag?post=2414"}],"curies":[{"name":"wp","href":"https:\/\/api.w.org\/{rel}","templated":true}]}}