{"id":2380,"date":"2020-08-24T16:36:46","date_gmt":"2020-08-24T19:36:46","guid":{"rendered":"http:\/\/srv16.teste.website\/~casinhadebrincar\/loja\/?post_type=product&#038;p=2380"},"modified":"2026-01-30T14:50:04","modified_gmt":"2026-01-30T17:50:04","slug":"vaso-com-flores-para-floreiras","status":"publish","type":"product","link":"https:\/\/www.casinhadebrincar.com.br\/loja\/produto\/vaso-com-flores-para-floreiras\/","title":{"rendered":"Vaso com flores para floreiras"},"content":{"rendered":"<table width=\"603\">\n<tbody>\n<tr>\n<td width=\"196\"><strong>Dimens\u00f5es<\/strong><\/td>\n<td width=\"406\">Di\u00e2metro: 0,15 cm<\/p>\n<p>Altura:<\/td>\n<\/tr>\n<tr>\n<td width=\"196\"><strong>Cor<\/strong><\/td>\n<td width=\"406\">Branco. Flores em tom de rosa.<\/td>\n<\/tr>\n<tr>\n<td width=\"196\"><strong>Descri\u00e7\u00e3o<\/strong><\/td>\n<td width=\"406\">&#8211; Vaso de barro;<\/p>\n<p>&#8211; Detalhes em p\u00e9rola e renda;<\/p>\n<p>&#8211; Flores artificiais de alto padr\u00e3o, lav\u00e1veis e de apar\u00eancias semelhante a naturais.<\/td>\n<\/tr>\n<\/tbody>\n<\/table>\n<p>&nbsp;<\/p>\n<table width=\"603\">\n<tbody>\n<tr>\n<td width=\"196\"><strong>Entrega\u00a0<\/strong><\/td>\n<td width=\"406\">Frete gr\u00e1tis acompanhando outros produtos de nossa linha (Casinhas, Playgrounds ou M\u00f3veis Infantis)<\/td>\n<\/tr>\n<tr>\n<td width=\"196\"><\/td>\n<td width=\"406\"><\/td>\n<\/tr>\n<tr>\n<td width=\"196\"><\/td>\n<td width=\"406\"><\/td>\n<\/tr>\n<\/tbody>\n<\/table>\n","protected":false},"excerpt":{"rendered":"<p>As flores nas floreiras acrescentam um toque especial na casinha!<\/p>\n","protected":false},"featured_media":2381,"comment_status":"open","ping_status":"closed","template":"","meta":[],"class_list":["post-2380","product","type-product","status-publish","has-post-thumbnail","hentry","product_cat-mobilia"],"_links":{"self":[{"href":"https:\/\/www.casinhadebrincar.com.br\/loja\/wp-json\/wp\/v2\/product\/2380","targetHints":{"allow":["GET"]}}],"collection":[{"href":"https:\/\/www.casinhadebrincar.com.br\/loja\/wp-json\/wp\/v2\/product"}],"about":[{"href":"https:\/\/www.casinhadebrincar.com.br\/loja\/wp-json\/wp\/v2\/types\/product"}],"replies":[{"embeddable":true,"href":"https:\/\/www.casinhadebrincar.com.br\/loja\/wp-json\/wp\/v2\/comments?post=2380"}],"wp:featuredmedia":[{"embeddable":true,"href":"https:\/\/www.casinhadebrincar.com.br\/loja\/wp-json\/wp\/v2\/media\/2381"}],"wp:attachment":[{"href":"https:\/\/www.casinhadebrincar.com.br\/loja\/wp-json\/wp\/v2\/media?parent=2380"}],"curies":[{"name":"wp","href":"https:\/\/api.w.org\/{rel}","templated":true}]}}