{"id":2349,"date":"2020-08-24T15:58:30","date_gmt":"2020-08-24T18:58:30","guid":{"rendered":"http:\/\/srv16.teste.website\/~casinhadebrincar\/loja\/?post_type=product&#038;p=2349"},"modified":"2026-01-30T11:49:52","modified_gmt":"2026-01-30T14:49:52","slug":"cozinha-infantil-retro","status":"publish","type":"product","link":"https:\/\/www.casinhadebrincar.com.br\/loja\/produto\/cozinha-infantil-retro\/","title":{"rendered":"Cozinha infantil retr\u00f4"},"content":{"rendered":"<table width=\"603\">\n<tbody>\n<tr>\n<td width=\"168\"><strong>Dimens\u00f5es<\/strong><\/td>\n<td width=\"435\">Largura: 71 cm<\/p>\n<p>Profundidade: 0,37 cm<\/p>\n<p>Altura: 1,00 m<\/p>\n<p>Altura da bancada: 0,63 cm<\/td>\n<\/tr>\n<tr>\n<td width=\"168\"><strong>Cor<\/strong><\/td>\n<td width=\"435\">Branco. Tampo e detalhes em madeira na cor natural.<\/td>\n<\/tr>\n<tr>\n<td width=\"168\"><strong>Descri\u00e7\u00e3o<\/strong><\/td>\n<td width=\"435\">&#8211; A cozinha \u00e9 produzida em madeira nobre de cedro vermelho sem brancal \u00a0e compensado. (N\u00e3o utilizamos MDF)<br \/>\n*Madeiras Nobres s\u00e3o aquelas com elevadas durabilidade natural, resist\u00eancia, bom aspecto geral e estabilidade em todos os sentidos. Utilizamos madeiras nobres de fornecedores que possuem DOF (Documento de Origem Florestal \u2013 Instituto Brasileiro do Meio Ambiente e dos Recursos Naturais Renov\u00e1veis).- A cozinha retr\u00f4 tem v\u00e1rias utilidades e tamb\u00e9m pode ser instalada \u00e1gua corrente.- Acr\u00edlico cristal 3 mm na porta do fog\u00e3o.- Puxadores, trincos e ganchos em inox.- Pintura: Tintas esmalte a base d\u2019\u00e1gua Premium ecol\u00f3gica, at\u00f3xica, sem cheiro, esmalte a base d\u2019\u00e1gua.- Tampo da pia em madeira de cedro com verniz na cor natural da madeira.<\/p>\n<p style=\"text-align: justify;\">&#8211; Acabamento Artesanal: Os m\u00f3veis contam com um processo artesanal, que valoriza e garante a exclusividade de cada pe\u00e7a. Nossa equipe cuida dos m\u00ednimos detalhes na fabrica\u00e7\u00e3o. A eleg\u00e2ncia e o tratamento art\u00edstico de nossos m\u00f3veis oferecem um design que alia beleza \u00e0 durabilidade.<\/p>\n<p>Acess\u00f3rios Inclusos<\/p>\n<p>&#8211; 1 Cuba de inox.<\/p>\n<p>&#8211; 1 Sif\u00e3o e 1 engate flex\u00edvel para liga\u00e7\u00e3o de \u00e1gua corrente.<\/p>\n<p>&#8211; 1 Torneira de metal \u00bc de volta.<\/p>\n<p>&#8211; 3 Ganchos.<\/p>\n<p>&#8211; 5 Bot\u00f5es de regulagem do fog\u00e3o em pl\u00e1stico.<\/p>\n<p>&#8211; 4 Bocas do fog\u00e3o em madeira.<\/p>\n<p>&#8211; 2 Puxadores de madeira.<\/p>\n<p>&#8211; 4 p\u00e9s de cozinha em madeira maci\u00e7a.<\/p>\n<p>&#8211; 3 prateleiras.<\/td>\n<\/tr>\n<\/tbody>\n<\/table>\n<table width=\"603\">\n<tbody>\n<tr>\n<td width=\"158\"><strong>Entrega\u00a0<\/strong><\/td>\n<td width=\"444\">O produto \u00e9 enviado montado por transportadora.<\/p>\n<p>Taxa de entrega:<\/p>\n<p>Retirar na F\u00e1brica: R$ &#8212;<\/p>\n<p>Itapema, Balne\u00e1rio Cambori\u00fa, Cambori\u00fa, Itaja\u00ed, Porto Belo: R$ 70,00.<\/p>\n<p>RS, SC, PR, SP, MG, GO, DF: R$ 140,00.<\/p>\n<p>RJ, ES: 350,00<\/p>\n<p>BA, SE, AL,PE, PB, RN, CE, PI, MA, TO, MT, MS, RO, PA: Sob consulta.<\/p>\n<p>AP,RR,AM,AC: Sob consulta.<\/td>\n<\/tr>\n<tr>\n<td width=\"158\"><\/td>\n<td width=\"444\"><\/td>\n<\/tr>\n<tr>\n<td width=\"158\"><\/td>\n<td width=\"444\"><\/td>\n<\/tr>\n<\/tbody>\n<\/table>\n","protected":false},"excerpt":{"rendered":"<p style=\"text-align: justify;\">Ao passar dos anos fabricando casinhas, observamos a necessidade de nossos clientes, em ter um m\u00f3vel para acompanhar o padr\u00e3o de qualidade das casinhas. Por isso, a Casinha de Brincar desenvolveu sua nobre cole\u00e7\u00e3o de m\u00f3veis inspirados em nossos clientes mais que especiais, as crian\u00e7as.<\/p>\n<p>&nbsp;<\/p>\n","protected":false},"featured_media":2954,"comment_status":"open","ping_status":"closed","template":"","meta":[],"product_brand":[],"product_cat":[39],"product_tag":[],"class_list":{"0":"post-2349","1":"product","2":"type-product","3":"status-publish","4":"has-post-thumbnail","6":"product_cat-mobilia","8":"first","9":"instock","10":"shipping-taxable","11":"purchasable","12":"product-type-simple"},"_links":{"self":[{"href":"https:\/\/www.casinhadebrincar.com.br\/loja\/wp-json\/wp\/v2\/product\/2349","targetHints":{"allow":["GET"]}}],"collection":[{"href":"https:\/\/www.casinhadebrincar.com.br\/loja\/wp-json\/wp\/v2\/product"}],"about":[{"href":"https:\/\/www.casinhadebrincar.com.br\/loja\/wp-json\/wp\/v2\/types\/product"}],"replies":[{"embeddable":true,"href":"https:\/\/www.casinhadebrincar.com.br\/loja\/wp-json\/wp\/v2\/comments?post=2349"}],"wp:featuredmedia":[{"embeddable":true,"href":"https:\/\/www.casinhadebrincar.com.br\/loja\/wp-json\/wp\/v2\/media\/2954"}],"wp:attachment":[{"href":"https:\/\/www.casinhadebrincar.com.br\/loja\/wp-json\/wp\/v2\/media?parent=2349"}],"wp:term":[{"taxonomy":"product_brand","embeddable":true,"href":"https:\/\/www.casinhadebrincar.com.br\/loja\/wp-json\/wp\/v2\/product_brand?post=2349"},{"taxonomy":"product_cat","embeddable":true,"href":"https:\/\/www.casinhadebrincar.com.br\/loja\/wp-json\/wp\/v2\/product_cat?post=2349"},{"taxonomy":"product_tag","embeddable":true,"href":"https:\/\/www.casinhadebrincar.com.br\/loja\/wp-json\/wp\/v2\/product_tag?post=2349"}],"curies":[{"name":"wp","href":"https:\/\/api.w.org\/{rel}","templated":true}]}}