{"id":2317,"date":"2020-08-24T14:52:04","date_gmt":"2020-08-24T17:52:04","guid":{"rendered":"http:\/\/srv16.teste.website\/~casinhadebrincar\/loja\/?post_type=product&#038;p=2317"},"modified":"2026-01-30T11:48:31","modified_gmt":"2026-01-30T14:48:31","slug":"cabana-de-tecido-com-acessorios","status":"publish","type":"product","link":"https:\/\/www.casinhadebrincar.com.br\/loja\/produto\/cabana-de-tecido-com-acessorios\/","title":{"rendered":"Cabana de tecido com acess\u00f3rios"},"content":{"rendered":"<table width=\"603\">\n<tbody>\n<tr>\n<td width=\"168\"><strong>Dimens\u00f5es<\/strong><\/td>\n<td width=\"435\">Largura: 1,00 m<\/p>\n<p>Profundidade: 1,00 m<\/p>\n<p>Altura central: 1,60 m<\/td>\n<\/tr>\n<tr>\n<td width=\"168\"><strong>Cor<\/strong><\/td>\n<td width=\"435\">&#8211; Bege. Tapete verde arabesco.<\/td>\n<\/tr>\n<tr>\n<td width=\"168\"><strong>Descri\u00e7\u00e3o<\/strong><\/td>\n<td width=\"435\">&#8211; Estrutura em madeira maci\u00e7a de reflorestamento (Pinus Elliotti).<\/p>\n<p>&#8211; Tecido 100% <strong>algod\u00e3o.\u00a0 <\/strong><\/p>\n<p><strong>&#8211; Tapete com resina antiderrapante. <\/strong><\/p>\n<p><strong>&#8211; Tecidos do tapete e almofadas da Cole\u00e7\u00e3o Millyta para Fernando Maluhy.<\/strong><\/p>\n<p><strong>&#8211; Duas janelas e uma porta.<\/strong><\/p>\n<p><strong>&#8211; Lav\u00e1vel e desmont\u00e1vel. <\/strong><\/p>\n<p><strong>&#8211; Padr\u00e3o de alta costura.<\/strong> Personaliza\u00e7\u00e3o \u201cWe Care About you\u201d.<\/p>\n<p><u>\u00a0<\/u><\/p>\n<p><u>Acess\u00f3rios:<\/u><br \/>\n&#8211; Tapete para a casinha.<\/p>\n<p>&#8211; Tr\u00eas almofadas.<\/td>\n<\/tr>\n<\/tbody>\n<\/table>\n<table width=\"603\">\n<tbody>\n<tr>\n<td width=\"168\"><strong>Entrega e Montagem<\/strong><\/td>\n<td width=\"435\">O produto \u00e9 enviado montado por transportadora.<\/p>\n<p>Itapema, Balne\u00e1rio Cambori\u00fa, Cambori\u00fa, Itaja\u00ed, Porto Belo: R$ 45,00<\/p>\n<p>RS, SC, PR, SP, MG, GO, DF: R$ 95,00.<\/p>\n<p>RJ, ES: 290,00<\/p>\n<p>BA, SE, AL,PE, PB, RN, CE, PI, MA, TO, MT, MS, RO, PA: Sob consulta.<\/p>\n<p>AP,RR,AM,AC: Sob consulta.<\/td>\n<\/tr>\n<tr>\n<td width=\"168\"><\/td>\n<td width=\"435\"><\/td>\n<\/tr>\n<tr>\n<td width=\"168\"><strong>Estoque<\/strong><\/td>\n<td width=\"435\">Sob encomenda.<\/td>\n<\/tr>\n<\/tbody>\n<\/table>\n","protected":false},"excerpt":{"rendered":"<p style=\"text-align: justify;\">Quem nunca montou uma cabana dentro de casa ou at\u00e9 fora no jardim? Brincadeiras preferidas das crian\u00e7as onde criam seu pr\u00f3prio mundinho de imagina\u00e7\u00e3o&#8230; e trazer esse\u00a0 mundo \u201cfaz-de-conta\u201d junto com os pequenos \u00e9 uma del\u00edcia!<\/p>\n<p style=\"text-align: justify;\">Ler e brincar em um espa\u00e7o l\u00fadico ajuda no desenvolvimento do corpo e ritmos das crian\u00e7as, do relacionamento com as pessoas e seus limites.<\/p>\n<p style=\"text-align: justify;\">Para uma aventura maior, vale levar a barraca no p\u00e1tio e at\u00e9 brincar de piquenique! Vai da disposi\u00e7\u00e3o e ideia de cada um!<\/p>\n<p style=\"text-align: justify;\">\u00d3tima op\u00e7\u00e3o para todos os espa\u00e7os, pr\u00e1tica para mudar de lugar e desmont\u00e1vel. Linda, l\u00fadica e encantadora!<\/p>\n","protected":false},"featured_media":2318,"comment_status":"open","ping_status":"closed","template":"","meta":[],"class_list":["post-2317","product","type-product","status-publish","has-post-thumbnail","hentry","product_cat-mobilia"],"_links":{"self":[{"href":"https:\/\/www.casinhadebrincar.com.br\/loja\/wp-json\/wp\/v2\/product\/2317","targetHints":{"allow":["GET"]}}],"collection":[{"href":"https:\/\/www.casinhadebrincar.com.br\/loja\/wp-json\/wp\/v2\/product"}],"about":[{"href":"https:\/\/www.casinhadebrincar.com.br\/loja\/wp-json\/wp\/v2\/types\/product"}],"replies":[{"embeddable":true,"href":"https:\/\/www.casinhadebrincar.com.br\/loja\/wp-json\/wp\/v2\/comments?post=2317"}],"wp:featuredmedia":[{"embeddable":true,"href":"https:\/\/www.casinhadebrincar.com.br\/loja\/wp-json\/wp\/v2\/media\/2318"}],"wp:attachment":[{"href":"https:\/\/www.casinhadebrincar.com.br\/loja\/wp-json\/wp\/v2\/media?parent=2317"}],"curies":[{"name":"wp","href":"https:\/\/api.w.org\/{rel}","templated":true}]}}