{"id":2282,"date":"2020-08-19T18:07:52","date_gmt":"2020-08-19T21:07:52","guid":{"rendered":"http:\/\/srv16.teste.website\/~casinhadebrincar\/loja\/?post_type=product&#038;p=2282"},"modified":"2026-02-19T09:51:29","modified_gmt":"2026-02-19T12:51:29","slug":"berco-de-boneca-com-acessorios","status":"publish","type":"product","link":"https:\/\/www.casinhadebrincar.com.br\/loja\/produto\/berco-de-boneca-com-acessorios\/","title":{"rendered":"Ber\u00e7o de boneca com acess\u00f3rios"},"content":{"rendered":"<table width=\"603\">\n<tbody>\n<tr>\n<td width=\"168\"><strong>Dimens\u00f5es<\/strong><\/td>\n<td width=\"435\">Largura: 30 cm<\/p>\n<p>Profundidade: 60 cm<\/p>\n<p>Altura: 60 cm<\/td>\n<\/tr>\n<tr>\n<td width=\"168\"><strong>Cor<\/strong><\/td>\n<td width=\"435\">Branco.<\/td>\n<\/tr>\n<tr>\n<td width=\"168\"><strong>Descri\u00e7\u00e3o<\/strong><\/td>\n<td width=\"435\">\n<p style=\"text-align: justify;\">&#8211; Ber\u00e7o produzido em madeira nobre de cedro e compensado. (N\u00e3o utilizamos MDF)<br \/>\nMadeiras Nobres s\u00e3o aquelas com elevadas durabilidade natural, resist\u00eancia, bom aspecto geral e estabilidade em todos os sentidos. Utilizamos madeiras nobres de fornecedores que possuem DOF (Documento de Origem Florestal \u2013 Instituto Brasileiro do Meio Ambiente e dos Recursos Naturais Renov\u00e1veis).<\/p>\n<p>&#8211; Arm\u00e1rio acoplado abaixo do ber\u00e7o com duas portinhas para guardar as roupinhas da boneca.<\/p>\n<p>&#8211; Puxadores e acabamentos de &#8220;bolinhas&#8221; em pl\u00e1stico.<\/p>\n<p>&#8211; Rodinhas para facilitar a locomo\u00e7\u00e3o nas brincadeiras. As rodinhas tamb\u00e9m possuem travas.<\/p>\n<p>&#8211; Pintura: Tintas esmalte a base d\u2019\u00e1gua Premium ecol\u00f3gica, at\u00f3xica, sem cheiro, esmalte a base d\u2019\u00e1gua.<\/p>\n<p>&#8211; Pe\u00e7as lixadas &#8211; n\u00e3o cont\u00e9m farpas.<\/p>\n<p style=\"text-align: justify;\">&#8211; Acabamento Artesanal: Os m\u00f3veis contam com um processo artesanal, que valoriza e garante a exclusividade de cada pe\u00e7a. Nossa equipe cuida dos m\u00ednimos detalhes na fabrica\u00e7\u00e3o. A eleg\u00e2ncia e o tratamento art\u00edstico de nossos m\u00f3veis oferecem um design que alia beleza \u00e0 durabilidade.<\/p>\n<p>&nbsp;<\/p>\n<p><u>Acess\u00f3rios:<\/u><br \/>\n&#8211; Colch\u00e3o, protetores de ber\u00e7o, len\u00e7ol, rolinho e travesseiro.<br \/>\n&#8211; Disponibilizamos de v\u00e1rias cores de tecidos para o cliente escolher.<br \/>\n&#8211; Fibra siliconada e antial\u00e9rgica.<br \/>\n&#8211; Lav\u00e1vel.<br \/>\n&#8211; Personaliza\u00e7\u00e3o \u201cWe Care About you\u201d.<\/td>\n<\/tr>\n<\/tbody>\n<\/table>\n<table width=\"603\">\n<tbody>\n<tr>\n<td width=\"158\"><strong>Entrega\u00a0<\/strong><\/td>\n<td width=\"444\">O produto \u00e9 enviado montado por transportadora.<\/p>\n<p>Itapema, Balne\u00e1rio Cambori\u00fa, Cambori\u00fa, Itaja\u00ed, Porto Belo: R$ 45,00<\/p>\n<p>RS, SC, PR, SP, MG, GO, DF: R$ 95,00.<\/p>\n<p>RJ, ES: 290,00<\/p>\n<p>BA, SE, AL,PE, PB, RN, CE, PI, MA, TO, MT, MS, RO, PA: Sob consulta.<\/p>\n<p>AP,RR,AM,AC: Sob consulta.<\/td>\n<\/tr>\n<tr>\n<td width=\"158\"><\/td>\n<td width=\"444\"><\/td>\n<\/tr>\n<tr>\n<td width=\"158\"><strong>Estoque<\/strong><\/td>\n<td width=\"444\">Sob encomenda.<\/td>\n<\/tr>\n<\/tbody>\n<\/table>\n","protected":false},"excerpt":{"rendered":"<p style=\"text-align: justify;\">Que tal um ber\u00e7o com design diferenciado? O Ber\u00e7o de Boneca \u00e9 produzido pela Casinha de Brincar com materiais de qualidade que proporcionam durabilidade e seguran\u00e7a. Com estilo e sofistica\u00e7\u00e3o, cuidamos dos m\u00ednimos detalhes na fabrica\u00e7\u00e3o caracterizando eleg\u00e2ncia e divers\u00e3o para a casinha ou o quarto de sua princesa.<\/p>\n","protected":false},"featured_media":3834,"comment_status":"open","ping_status":"closed","template":"","meta":[],"product_brand":[],"product_cat":[39],"product_tag":[],"class_list":{"0":"post-2282","1":"product","2":"type-product","3":"status-publish","4":"has-post-thumbnail","6":"product_cat-mobilia","8":"first","9":"instock","10":"shipping-taxable","11":"purchasable","12":"product-type-simple"},"_links":{"self":[{"href":"https:\/\/www.casinhadebrincar.com.br\/loja\/wp-json\/wp\/v2\/product\/2282","targetHints":{"allow":["GET"]}}],"collection":[{"href":"https:\/\/www.casinhadebrincar.com.br\/loja\/wp-json\/wp\/v2\/product"}],"about":[{"href":"https:\/\/www.casinhadebrincar.com.br\/loja\/wp-json\/wp\/v2\/types\/product"}],"replies":[{"embeddable":true,"href":"https:\/\/www.casinhadebrincar.com.br\/loja\/wp-json\/wp\/v2\/comments?post=2282"}],"wp:featuredmedia":[{"embeddable":true,"href":"https:\/\/www.casinhadebrincar.com.br\/loja\/wp-json\/wp\/v2\/media\/3834"}],"wp:attachment":[{"href":"https:\/\/www.casinhadebrincar.com.br\/loja\/wp-json\/wp\/v2\/media?parent=2282"}],"wp:term":[{"taxonomy":"product_brand","embeddable":true,"href":"https:\/\/www.casinhadebrincar.com.br\/loja\/wp-json\/wp\/v2\/product_brand?post=2282"},{"taxonomy":"product_cat","embeddable":true,"href":"https:\/\/www.casinhadebrincar.com.br\/loja\/wp-json\/wp\/v2\/product_cat?post=2282"},{"taxonomy":"product_tag","embeddable":true,"href":"https:\/\/www.casinhadebrincar.com.br\/loja\/wp-json\/wp\/v2\/product_tag?post=2282"}],"curies":[{"name":"wp","href":"https:\/\/api.w.org\/{rel}","templated":true}]}}