{"id":2156,"date":"2020-08-11T15:08:19","date_gmt":"2020-08-11T18:08:19","guid":{"rendered":"http:\/\/srv16.teste.website\/~casinhadebrincar\/loja\/?post_type=product&#038;p=2156"},"modified":"2026-01-30T14:52:36","modified_gmt":"2026-01-30T17:52:36","slug":"mesa-e-4-cadeiras-coloridas","status":"publish","type":"product","link":"https:\/\/www.casinhadebrincar.com.br\/loja\/produto\/mesa-e-4-cadeiras-coloridas\/","title":{"rendered":"Mesa e 4 cadeiras"},"content":{"rendered":"<table width=\"603\">\n<tbody>\n<tr>\n<td width=\"168\"><strong>Dimens\u00f5es<\/strong><\/td>\n<td width=\"435\">\u00b7\u00a0\u00a0\u00a0\u00a0\u00a0\u00a0\u00a0\u00a0 <strong>Mesa:<\/strong><\/p>\n<p>Largura: 52 cm<\/p>\n<p>Profundidade: 68 cm<\/p>\n<p>Altura: 55 cm<\/p>\n<p><strong>\u00a0<\/strong><\/p>\n<p><strong>Cadeira:<\/strong><\/p>\n<p>Largura: 37 cm<\/p>\n<p>Profundidade: 33 cm<\/p>\n<p>Altura: 62 cm<\/p>\n<p>Altura do assento: 32,5 cm<\/td>\n<\/tr>\n<tr>\n<td width=\"168\"><strong>Cores<\/strong><\/td>\n<td width=\"435\">Op\u00e7\u00e3o 1: Mesa branca e cadeiras coloridas.<br \/>\nOp\u00e7\u00e3o 2: Mesa branca e cadeiras branca.<\/td>\n<\/tr>\n<tr>\n<td width=\"168\"><strong>Descri\u00e7\u00e3o<\/strong><\/td>\n<td width=\"435\">&#8211; Madeira Maci\u00e7a de Reflorestamento (Pinus Elliotti) e tampo da mesa em MDF.<\/p>\n<p>&#8211; Pintura laca fosca.<\/p>\n<p>&#8211; Pe\u00e7as lixadas &#8211; n\u00e3o cont\u00e9m farpas.<\/p>\n<p>&#8211; As pe\u00e7as da estrutura da cadeira s\u00e3o perfuradas e encaixadas deixando o produto com maior resist\u00eancia.<\/p>\n<p>&#8211; Cantos arredondados para seguran\u00e7a das crian\u00e7as.<\/p>\n<p>&#8211; Adultos podem sentar normalmente nas cadeiras.<\/p>\n<p>&#8211; Peso suportado: 120 Kg.<\/p>\n<p>&#8211; As cadeiras s\u00e3o enviadas montadas. A mesa \u00e9 necess\u00e1rio fixar os p\u00e9s &#8211; acompanha parafuso e chave. Os parafusos n\u00e3o ficam aparentes.<br \/>\n&#8211; O conjunto conta com um processo artesanal que valoriza e garante a exclusividade de cada pe\u00e7a. Um tratamento art\u00edstico oferecendo design que alia beleza \u00e0 durabilidade.<\/p>\n<p>&#8211; Acompanha adesivo de feltro protetor para os p\u00e9s das cadeiras e mesa.<\/td>\n<\/tr>\n<\/tbody>\n<\/table>\n<table width=\"603\">\n<tbody>\n<tr>\n<td width=\"158\"><strong>Entrega e Montagem<\/strong><\/td>\n<td width=\"444\">O produto \u00e9 enviado montado por transportadora.<\/p>\n<p>Taxa de entrega:<\/p>\n<p>Retirar na F\u00e1brica: R$ &#8212;<\/p>\n<p>Itapema, Balne\u00e1rio Cambori\u00fa, Cambori\u00fa, Itaja\u00ed, Porto Belo: R$ 30,00.<\/p>\n<p>RS, SC, PR, SP, MG, GO, DF: R$ 85,00.<\/p>\n<p>RJ, ES: 250,00<\/p>\n<p>BA, SE, AL,PE, PB, RN, CE, PI, MA, TO, MT, MS, RO, PA:\u00a0 220,00<\/p>\n<p>AP,RR,AM,AC: Sob consulta.<\/td>\n<\/tr>\n<tr>\n<td width=\"158\"><\/td>\n<td width=\"444\"><\/td>\n<\/tr>\n<\/tbody>\n<\/table>\n","protected":false},"excerpt":{"rendered":"<p style=\"text-align: justify;\">Ter uma mesa infantil para o seu filho (a) brincar e fazer as li\u00e7\u00f5es de casa \u00e9 um modo de estimular essas atividades. E os pais, podem sentar tamb\u00e9m? \u00c9 claro! Utilizamos materiais resistentes e cada pe\u00e7a \u00e9 fabricada artesanalmente com muito amor e qualidade!<\/p>\n","protected":false},"featured_media":2157,"comment_status":"open","ping_status":"closed","template":"","meta":[],"class_list":["post-2156","product","type-product","status-publish","has-post-thumbnail","hentry","product_cat-mobilia"],"_links":{"self":[{"href":"https:\/\/www.casinhadebrincar.com.br\/loja\/wp-json\/wp\/v2\/product\/2156","targetHints":{"allow":["GET"]}}],"collection":[{"href":"https:\/\/www.casinhadebrincar.com.br\/loja\/wp-json\/wp\/v2\/product"}],"about":[{"href":"https:\/\/www.casinhadebrincar.com.br\/loja\/wp-json\/wp\/v2\/types\/product"}],"replies":[{"embeddable":true,"href":"https:\/\/www.casinhadebrincar.com.br\/loja\/wp-json\/wp\/v2\/comments?post=2156"}],"wp:featuredmedia":[{"embeddable":true,"href":"https:\/\/www.casinhadebrincar.com.br\/loja\/wp-json\/wp\/v2\/media\/2157"}],"wp:attachment":[{"href":"https:\/\/www.casinhadebrincar.com.br\/loja\/wp-json\/wp\/v2\/media?parent=2156"}],"curies":[{"name":"wp","href":"https:\/\/api.w.org\/{rel}","templated":true}]}}