{"id":2139,"date":"2020-08-11T14:33:16","date_gmt":"2020-08-11T17:33:16","guid":{"rendered":"http:\/\/srv16.teste.website\/~casinhadebrincar\/loja\/?post_type=product&#038;p=2139"},"modified":"2026-01-30T11:52:35","modified_gmt":"2026-01-30T14:52:35","slug":"cadeira-de-balanco-madeira-com-palha-branco","status":"publish","type":"product","link":"https:\/\/www.casinhadebrincar.com.br\/loja\/produto\/cadeira-de-balanco-madeira-com-palha-branco\/","title":{"rendered":"Cadeira de balan\u00e7o"},"content":{"rendered":"<table width=\"603\">\n<tbody>\n<tr>\n<td width=\"168\"><strong>Dimens\u00f5es<\/strong><\/td>\n<td width=\"435\"><strong>Cadeira:<\/strong><\/p>\n<p>Largura: 38 cm<\/p>\n<p>Profundidade: 67cm<\/p>\n<p>Altura: 68 cm<\/p>\n<p>Medidas do assento: 0,25 cm x 0,28 cm.<\/td>\n<\/tr>\n<tr>\n<td width=\"168\"><strong>Modelos<\/strong><\/td>\n<td width=\"435\">Op\u00e7\u00e3o 1: Pintura na cor branca com acabamento lixado levemente nas bordas (Proven\u00e7al) com assento em palha ou madeira.<br \/>\nOp\u00e7\u00e3o 2: Pintura com verniz natural cor natural com assento em palha ou madeira.<br \/>\nOp\u00e7\u00e3o 3: Pintura na cor de Imbuia com assento em palha ou madeira.<\/td>\n<\/tr>\n<tr>\n<td width=\"168\"><strong>Descri\u00e7\u00e3o<\/strong><\/td>\n<td width=\"435\">&#8211; Em madeira de Eucalipto, ecologicamente correta e resistente.<\/p>\n<p>&#8211; Assento em palha natural, tran\u00e7ado manualmente.<\/p>\n<p>&#8211; Pe\u00e7a lixada, n\u00e3o cont\u00e9m farpas.<\/p>\n<p>&#8211; Apoio para os bra\u00e7os e p\u00e9s.<\/p>\n<p>&#8211; O produto \u00e9 entregue montado.<\/p>\n<p>&#8211; Peso suportado: 40 Kg.<\/td>\n<\/tr>\n<\/tbody>\n<\/table>\n<p>&nbsp;<\/p>\n","protected":false},"excerpt":{"rendered":"<p style=\"text-align: justify;\">Existem brinquedos que nos trazem boas lembran\u00e7as, a cadeira de balan\u00e7o lembra a casa da vov\u00f3, al\u00e9m de garantir o conforto e a divers\u00e3o da crian\u00e7ada!<\/p>\n<p style=\"text-align: justify;\">A eleg\u00e2ncia e o tratamento artesanal oferece um design \u00fanico que alia durabilidade e tamb\u00e9m beleza ao ambiente.<\/p>\n","protected":false},"featured_media":2140,"comment_status":"open","ping_status":"closed","template":"","meta":[],"class_list":["post-2139","product","type-product","status-publish","has-post-thumbnail","hentry","product_cat-mobilia"],"_links":{"self":[{"href":"https:\/\/www.casinhadebrincar.com.br\/loja\/wp-json\/wp\/v2\/product\/2139","targetHints":{"allow":["GET"]}}],"collection":[{"href":"https:\/\/www.casinhadebrincar.com.br\/loja\/wp-json\/wp\/v2\/product"}],"about":[{"href":"https:\/\/www.casinhadebrincar.com.br\/loja\/wp-json\/wp\/v2\/types\/product"}],"replies":[{"embeddable":true,"href":"https:\/\/www.casinhadebrincar.com.br\/loja\/wp-json\/wp\/v2\/comments?post=2139"}],"wp:featuredmedia":[{"embeddable":true,"href":"https:\/\/www.casinhadebrincar.com.br\/loja\/wp-json\/wp\/v2\/media\/2140"}],"wp:attachment":[{"href":"https:\/\/www.casinhadebrincar.com.br\/loja\/wp-json\/wp\/v2\/media?parent=2139"}],"curies":[{"name":"wp","href":"https:\/\/api.w.org\/{rel}","templated":true}]}}