{"id":2118,"date":"2020-08-10T11:59:39","date_gmt":"2020-08-10T14:59:39","guid":{"rendered":"http:\/\/srv16.teste.website\/~casinhadebrincar\/loja\/?post_type=product&#038;p=2118"},"modified":"2020-11-26T13:37:21","modified_gmt":"2020-11-26T16:37:21","slug":"casinha-gerbera-personalizada","status":"publish","type":"product","link":"https:\/\/www.casinhadebrincar.com.br\/loja\/produto\/casinha-gerbera-personalizada\/","title":{"rendered":"Casinha G\u00e9rbera Personalizada"},"content":{"rendered":"","protected":false},"excerpt":{"rendered":"<p style=\"text-align: justify;\">Crian\u00e7as amam brincar com os seus pais e nada melhor que desfrutar momentos juntos na casinha. Pensando neste universo t\u00e3o importante para as crian\u00e7as, a Casinha de Brincar desenvolve seus projetos em tamanhos proporcionais que os pais podem ficar confortavelmente na casinha.<\/p>\n","protected":false},"featured_media":2119,"comment_status":"open","ping_status":"closed","template":"","meta":[],"class_list":["post-2118","product","type-product","status-publish","has-post-thumbnail","hentry","product_cat-personalizado"],"_links":{"self":[{"href":"https:\/\/www.casinhadebrincar.com.br\/loja\/wp-json\/wp\/v2\/product\/2118","targetHints":{"allow":["GET"]}}],"collection":[{"href":"https:\/\/www.casinhadebrincar.com.br\/loja\/wp-json\/wp\/v2\/product"}],"about":[{"href":"https:\/\/www.casinhadebrincar.com.br\/loja\/wp-json\/wp\/v2\/types\/product"}],"replies":[{"embeddable":true,"href":"https:\/\/www.casinhadebrincar.com.br\/loja\/wp-json\/wp\/v2\/comments?post=2118"}],"wp:featuredmedia":[{"embeddable":true,"href":"https:\/\/www.casinhadebrincar.com.br\/loja\/wp-json\/wp\/v2\/media\/2119"}],"wp:attachment":[{"href":"https:\/\/www.casinhadebrincar.com.br\/loja\/wp-json\/wp\/v2\/media?parent=2118"}],"curies":[{"name":"wp","href":"https:\/\/api.w.org\/{rel}","templated":true}]}}