{"id":2056,"date":"2020-08-10T11:16:02","date_gmt":"2020-08-10T14:16:02","guid":{"rendered":"http:\/\/srv16.teste.website\/~casinhadebrincar\/loja\/?post_type=product&#038;p=2056"},"modified":"2020-08-10T11:16:02","modified_gmt":"2020-08-10T14:16:02","slug":"deck-da-diversao","status":"publish","type":"product","link":"https:\/\/www.casinhadebrincar.com.br\/loja\/produto\/deck-da-diversao\/","title":{"rendered":"Deck da Divers\u00e3o"},"content":{"rendered":"<p>Voc\u00ea adivinhou \u2013 4 \u2013 Todas as alternativas acima!<\/p>\n<p>O portal anuncia \u201cdivers\u00e3o para crian\u00e7as\u201d!<\/p>\n<p style=\"text-align: justify;\">Esse espa\u00e7o contou com diversos itens para alegria das crian\u00e7as: Deck e grades trabalhadas que proporcionam beleza e cuidado, casinha de brincar para brincadeiras da garotada, playground para gastar suas energias e ainda pain\u00e9is (flor e soldado) para registrar fotos para o \u00e1lbum da fam\u00edlia!<\/p>\n","protected":false},"excerpt":{"rendered":"<p>O que voc\u00ea ganha quando as crian\u00e7as estiverem no deck da divers\u00e3o?<\/p>\n<ol>\n<li>Gritos de alegria.<\/li>\n<li>Uma festa na casinha.<\/li>\n<li>Brincadeiras.<\/li>\n<li>Todas as alternativas.<\/li>\n<\/ol>\n","protected":false},"featured_media":2057,"comment_status":"open","ping_status":"closed","template":"","meta":[],"class_list":["post-2056","product","type-product","status-publish","has-post-thumbnail","hentry","product_cat-personalizado"],"_links":{"self":[{"href":"https:\/\/www.casinhadebrincar.com.br\/loja\/wp-json\/wp\/v2\/product\/2056","targetHints":{"allow":["GET"]}}],"collection":[{"href":"https:\/\/www.casinhadebrincar.com.br\/loja\/wp-json\/wp\/v2\/product"}],"about":[{"href":"https:\/\/www.casinhadebrincar.com.br\/loja\/wp-json\/wp\/v2\/types\/product"}],"replies":[{"embeddable":true,"href":"https:\/\/www.casinhadebrincar.com.br\/loja\/wp-json\/wp\/v2\/comments?post=2056"}],"wp:featuredmedia":[{"embeddable":true,"href":"https:\/\/www.casinhadebrincar.com.br\/loja\/wp-json\/wp\/v2\/media\/2057"}],"wp:attachment":[{"href":"https:\/\/www.casinhadebrincar.com.br\/loja\/wp-json\/wp\/v2\/media?parent=2056"}],"curies":[{"name":"wp","href":"https:\/\/api.w.org\/{rel}","templated":true}]}}