{"id":2035,"date":"2020-08-07T11:11:17","date_gmt":"2020-08-07T14:11:17","guid":{"rendered":"http:\/\/srv16.teste.website\/~casinhadebrincar\/loja\/?post_type=product&#038;p=2035"},"modified":"2020-08-07T11:13:54","modified_gmt":"2020-08-07T14:13:54","slug":"casinha-retro","status":"publish","type":"product","link":"https:\/\/www.casinhadebrincar.com.br\/loja\/produto\/casinha-retro\/","title":{"rendered":"Casinha retr\u00f4"},"content":{"rendered":"<p style=\"text-align: justify;\">A ideia carinhosa dos pais foi executada pela Casinha de Brincar que fabricou com muito esmero cada pe\u00e7a, desde a produ\u00e7\u00e3o a entrega.<\/p>\n","protected":false},"excerpt":{"rendered":"<p style=\"text-align: justify;\">Nossos clientes desejavam dar aos seus filhos um lugar agrad\u00e1vel para brincarem. Os pais imaginaram uma casinha para seus filhos, em um estilo retr\u00f4 com s\u00f3t\u00e3o, lugar de muita imagina\u00e7\u00e3o. O antigo e o moderno podem se completar.<\/p>\n","protected":false},"featured_media":2036,"comment_status":"open","ping_status":"closed","template":"","meta":[],"class_list":["post-2035","product","type-product","status-publish","has-post-thumbnail","hentry","product_cat-personalizado"],"_links":{"self":[{"href":"https:\/\/www.casinhadebrincar.com.br\/loja\/wp-json\/wp\/v2\/product\/2035","targetHints":{"allow":["GET"]}}],"collection":[{"href":"https:\/\/www.casinhadebrincar.com.br\/loja\/wp-json\/wp\/v2\/product"}],"about":[{"href":"https:\/\/www.casinhadebrincar.com.br\/loja\/wp-json\/wp\/v2\/types\/product"}],"replies":[{"embeddable":true,"href":"https:\/\/www.casinhadebrincar.com.br\/loja\/wp-json\/wp\/v2\/comments?post=2035"}],"wp:featuredmedia":[{"embeddable":true,"href":"https:\/\/www.casinhadebrincar.com.br\/loja\/wp-json\/wp\/v2\/media\/2036"}],"wp:attachment":[{"href":"https:\/\/www.casinhadebrincar.com.br\/loja\/wp-json\/wp\/v2\/media?parent=2035"}],"curies":[{"name":"wp","href":"https:\/\/api.w.org\/{rel}","templated":true}]}}