{"id":1999,"date":"2020-07-29T19:12:25","date_gmt":"2020-07-29T22:12:25","guid":{"rendered":"http:\/\/srv16.teste.website\/~casinhadebrincar\/loja\/?post_type=product&#038;p=1999"},"modified":"2020-07-29T19:12:26","modified_gmt":"2020-07-29T22:12:26","slug":"sonho-possivel","status":"publish","type":"product","link":"https:\/\/www.casinhadebrincar.com.br\/loja\/produto\/sonho-possivel\/","title":{"rendered":"Sonho Poss\u00edvel"},"content":{"rendered":"<p style=\"text-align: justify;\">Os pais queriam transformar parte de sua cobertura a beira mar, em um lar de meninas.<\/p>\n<p style=\"text-align: justify;\">O espa\u00e7o dispon\u00edvel era uma \u00e1rea de piscina e jardim, sendo assim, os pais decidiram substituir por um tempo a piscina, em troca de um ambiente confort\u00e1vel e agrad\u00e1vel para aproveitar as brincadeiras de crian\u00e7a.<\/p>\n<p style=\"text-align: justify;\">A Casinha de Brincar cuidou de todos os detalhes, montando o deck na \u00e1rea da piscina e a casinha com muito charme e beleza, conforme a mam\u00e3e que \u00e9 arquiteta projetou.<\/p>\n<p style=\"text-align: justify;\">O resultado foi incr\u00edvel! As meninas amaram!\u00a0 Esse sim foi o melhor presente que os pais proporcionaram as suas filhas, incentivando-as viverem a inf\u00e2ncia, um momento \u00fanico e especial, e ainda mais desfrutando de momentos juntos em fam\u00edlia, os quais jamais ser\u00e3o esquecidos.<\/p>\n","protected":false},"excerpt":{"rendered":"<p style=\"text-align: justify;\">Nada como come\u00e7ar o ano com sonhos. Melhor ainda quando eles s\u00e3o poss\u00edveis de ser realizados \u2013 mesmo que exijam uma dose extra de esfor\u00e7o para acontecerem.<\/p>\n","protected":false},"featured_media":2000,"comment_status":"open","ping_status":"closed","template":"","meta":[],"class_list":["post-1999","product","type-product","status-publish","has-post-thumbnail","hentry","product_cat-personalizado"],"_links":{"self":[{"href":"https:\/\/www.casinhadebrincar.com.br\/loja\/wp-json\/wp\/v2\/product\/1999","targetHints":{"allow":["GET"]}}],"collection":[{"href":"https:\/\/www.casinhadebrincar.com.br\/loja\/wp-json\/wp\/v2\/product"}],"about":[{"href":"https:\/\/www.casinhadebrincar.com.br\/loja\/wp-json\/wp\/v2\/types\/product"}],"replies":[{"embeddable":true,"href":"https:\/\/www.casinhadebrincar.com.br\/loja\/wp-json\/wp\/v2\/comments?post=1999"}],"wp:featuredmedia":[{"embeddable":true,"href":"https:\/\/www.casinhadebrincar.com.br\/loja\/wp-json\/wp\/v2\/media\/2000"}],"wp:attachment":[{"href":"https:\/\/www.casinhadebrincar.com.br\/loja\/wp-json\/wp\/v2\/media?parent=1999"}],"curies":[{"name":"wp","href":"https:\/\/api.w.org\/{rel}","templated":true}]}}