{"id":1883,"date":"2020-07-25T11:18:39","date_gmt":"2020-07-25T14:18:39","guid":{"rendered":"http:\/\/srv16.teste.website\/~casinhadebrincar\/loja\/?post_type=product&#038;p=1883"},"modified":"2023-06-21T10:53:34","modified_gmt":"2023-06-21T13:53:34","slug":"clube-aventura-ii","status":"publish","type":"product","link":"https:\/\/www.casinhadebrincar.com.br\/loja\/produto\/clube-aventura-ii\/","title":{"rendered":"Clube Aventura II"},"content":{"rendered":"<table width=\"603\">\n<tbody>\n<tr>\n<td width=\"158\"><strong>Dimens\u00f5es<\/strong><\/td>\n<td width=\"444\"><strong>Casinha de Brincar:<\/strong><\/p>\n<table>\n<tbody>\n<tr>\n<td width=\"324\">Largura:3,00 m<\/td>\n<td width=\"333\">Comprimento: 2,00 m<\/td>\n<\/tr>\n<tr>\n<td width=\"324\">Altura: 2,25 m<\/td>\n<td width=\"333\"><\/td>\n<\/tr>\n<\/tbody>\n<\/table>\n<p><strong>Deck 1:<\/strong><\/p>\n<table>\n<tbody>\n<tr>\n<td width=\"201\">Largura: 5,00 m<\/td>\n<td width=\"222\">Comprimento: 3,00 m<\/td>\n<\/tr>\n<tr>\n<td width=\"201\">Altura do Deck: 1,90 m<\/td>\n<td width=\"222\">Varanda: 0,90 cm<\/td>\n<\/tr>\n<\/tbody>\n<\/table>\n<p><strong>Deck 2:<\/strong><\/p>\n<table>\n<tbody>\n<tr>\n<td width=\"324\">Largura: 2,00 m<\/td>\n<td width=\"333\">Comprimento: 2,00 m<\/td>\n<\/tr>\n<tr>\n<td width=\"324\">Altura do Deck: 1,70 m<\/td>\n<td width=\"333\">Varanda: 0,90 cm<\/td>\n<\/tr>\n<\/tbody>\n<\/table>\n<p><strong>Ponte:<\/strong><\/p>\n<table>\n<tbody>\n<tr>\n<td width=\"324\">Largura: 0,60 cm<\/td>\n<td width=\"333\">Comprimento: 2,00 m<\/td>\n<\/tr>\n<\/tbody>\n<\/table>\n<\/td>\n<\/tr>\n<tr>\n<td width=\"158\"><strong>Madeiras<\/strong><\/td>\n<td width=\"444\">\n<p style=\"text-align: justify;\">Fabricamos nossas casinhas com frontal de madeiras nobres. Madeiras Nobres que utilizamos: Ita\u00faba.<\/p>\n<p style=\"text-align: justify;\">*Madeiras Nobres s\u00e3o aquelas com elevadas durabilidade natural, resist\u00eancia, bom aspecto geral e estabilidade em todos os sentidos. Utilizamos madeiras nobres de fornecedores que possuem <strong>DOF<\/strong> (Documento de Origem Florestal \u2013 Instituto Brasileiro do Meio Ambiente e dos Recursos Naturais Renov\u00e1veis). N\u00e3o usamos MDF.<\/p>\n<\/td>\n<\/tr>\n<tr>\n<td width=\"158\"><strong>Janelas e Porta<\/strong><\/td>\n<td width=\"444\">Tr\u00eas janelas e uma porta com escotilha.<\/p>\n<p style=\"text-align: justify;\">Madeiras nobres de cedro vermelho sem brancal com acr\u00edlico. Trincos de alum\u00ednio com parafusos inoxid\u00e1veis e fechadura de cilindro<strong>.<\/strong><\/p>\n<p style=\"text-align: justify;\"><strong>Para maior seguran\u00e7a, ao inv\u00e9s do vidro, n\u00f3s utilizamos o<\/strong> acr\u00edlico nas janelas e porta, oferecendo assim maior difus\u00e3o de luz e transpar\u00eancia. O acr\u00edlico mant\u00e9m as cores originais e a transpar\u00eancia, por ser protegido contra os raios solares UV.<\/p>\n<\/td>\n<\/tr>\n<tr>\n<td width=\"158\"><strong>Cobertura<\/strong><\/td>\n<td width=\"444\"><strong>Telhas em Onduline. <\/strong><\/p>\n<p style=\"text-align: justify;\"><strong>*As telhas Onduline s\u00e3o ecologicamente corretas, possuem baixa transmiss\u00e3o de calor, s\u00e3o leves, flex\u00edveis e resistentes. Cores: Cinza, Verde ou Vinho.<\/strong><\/p>\n<\/td>\n<\/tr>\n<tr>\n<td width=\"158\"><strong>Isolamento T\u00e9rmico\u00a0\u00a0\u00a0\u00a0\u00a0 <\/strong><\/p>\n<p><strong>\u00a0<\/strong><\/td>\n<td width=\"444\">Forro interno de pl\u00e1stico PVC ou madeira com manta t\u00e9rmica.<\/p>\n<p style=\"text-align: justify;\">*A manta t\u00e9rmica \u00e9 uma excelente prote\u00e7\u00e3o contra o calor, frio, umidade e intemp\u00e9ries. No ver\u00e3o, isola termicamente a irradia\u00e7\u00e3o de calor, proporcionando um agrad\u00e1vel conforto. No inverno, mant\u00e9m o calor gerado no ambiente interno, deixando a casinha quentinha e aconchegante.<\/p>\n<\/td>\n<\/tr>\n<tr>\n<td width=\"158\"><strong>Brinquedos<\/strong><\/td>\n<td width=\"444\">&#8211; 01 escorregador;<\/p>\n<p>&#8211; 01 balan\u00e7o ponte;<\/p>\n<p>&#8211; 01 escada trap\u00e9zio;<\/p>\n<p>&#8211; 01 escada;<br \/>\n&#8211; 01 escalada com agarras artificial.<\/p>\n<p>&#8211; 01 descida de corda.<\/td>\n<\/tr>\n<tr>\n<td width=\"158\"><strong>Pintura<\/strong><\/td>\n<td width=\"444\">\n<p style=\"text-align: justify;\">Sparlak Stain Plus: \u00c9 um impregnante para madeira que oferece alta repel\u00eancia \u00e0 \u00e1gua e um lindo acabamento acetinado, que real\u00e7a o relevo natural da madeira proporcionando mais beleza \u00e0 superf\u00edcie. Possui baixa forma\u00e7\u00e3o de filme, que \u00e9 capaz de acompanhar os movimentos naturais da madeira, n\u00e3o trinca e n\u00e3o descasca.<\/p>\n<p>Fabricamos placa personalizada em madeira com o nome da crian\u00e7a ou frases.<\/p>\n<p>*Todas as pe\u00e7as da casinha s\u00e3o lixadas, n\u00e3o tem problemas de farpas.<\/td>\n<\/tr>\n<tr>\n<td width=\"158\"><strong>Acabamento Artesanal<\/strong><\/td>\n<td width=\"444\">\n<p style=\"text-align: justify;\">Alto padr\u00e3o. Fabricamos as casinhas com processo artesanal, que valoriza e garante a exclusividade de cada pe\u00e7a. Nossa equipe cuida dos m\u00ednimos detalhes na fabrica\u00e7\u00e3o. A eleg\u00e2ncia e o tratamento art\u00edstico de nossas casinhas oferecem um design que alia beleza \u00e0 durabilidade.<\/p>\n<\/td>\n<\/tr>\n<tr>\n<td width=\"158\"><strong>Entrega e Montagem<\/strong><\/td>\n<td width=\"444\">\n<p style=\"text-align: justify;\">A Casinha de Brincar realiza a entrega e montagem no local com sua equipe especializada. Sendo respons\u00e1vel pela montagem um mestre marceneiro.\u00a0 As taxas de montagem n\u00e3o est\u00e3o inclusas no valor da casinha. Para realizarmos cota\u00e7\u00e3o de montagem, entre em contato conosco: <a href=\"mailto:contato@casinhadebrincar.com.br\">contato@casinhadebrincar.com.br<\/a><\/p>\n<\/td>\n<\/tr>\n<tr>\n<td width=\"158\"><strong>Acess\u00f3rios<\/strong><\/td>\n<td width=\"444\">N\u00e3o acompanham a casinha \u2013 vendidos separadamente.<\/td>\n<\/tr>\n<tr>\n<td width=\"158\"><strong>Valor<\/strong><\/td>\n<td width=\"444\">Consultar.<\/td>\n<\/tr>\n<\/tbody>\n<\/table>\n","protected":false},"excerpt":{"rendered":"<p style=\"text-align: justify;\">Ter um Clube Aventura ser\u00e1 uma divers\u00e3o na vida dos seus filhos\u2026 mas participar desses momentos juntos em fam\u00edlia tornar\u00e1 muito especial.<\/p>\n<p style=\"text-align: justify;\">N\u00e3o importa a idade que voc\u00ea est\u00e1, a divers\u00e3o dura para sempre! Imagina\u00e7\u00f5es nunca envelhecem e, assim como o in\u00edcio do ver\u00e3o \u2013 a vida \u00e9 cheia de possibilidades!<\/p>\n<p>As tardes de brincadeiras em fam\u00edlia ser\u00e3o ainda mais divertidas!<\/p>\n","protected":false},"featured_media":1888,"comment_status":"open","ping_status":"closed","template":"","meta":[],"class_list":["post-1883","product","type-product","status-publish","has-post-thumbnail","hentry","product_cat-personalizado"],"_links":{"self":[{"href":"https:\/\/www.casinhadebrincar.com.br\/loja\/wp-json\/wp\/v2\/product\/1883","targetHints":{"allow":["GET"]}}],"collection":[{"href":"https:\/\/www.casinhadebrincar.com.br\/loja\/wp-json\/wp\/v2\/product"}],"about":[{"href":"https:\/\/www.casinhadebrincar.com.br\/loja\/wp-json\/wp\/v2\/types\/product"}],"replies":[{"embeddable":true,"href":"https:\/\/www.casinhadebrincar.com.br\/loja\/wp-json\/wp\/v2\/comments?post=1883"}],"wp:featuredmedia":[{"embeddable":true,"href":"https:\/\/www.casinhadebrincar.com.br\/loja\/wp-json\/wp\/v2\/media\/1888"}],"wp:attachment":[{"href":"https:\/\/www.casinhadebrincar.com.br\/loja\/wp-json\/wp\/v2\/media?parent=1883"}],"curies":[{"name":"wp","href":"https:\/\/api.w.org\/{rel}","templated":true}]}}