{"id":1796,"date":"2020-07-27T19:44:59","date_gmt":"2020-07-27T22:44:59","guid":{"rendered":"http:\/\/srv16.teste.website\/~casinhadebrincar\/loja\/?post_type=product&#038;p=1796"},"modified":"2023-06-15T18:34:16","modified_gmt":"2023-06-15T21:34:16","slug":"clube-so-para-meninos-i-2","status":"publish","type":"product","link":"https:\/\/www.casinhadebrincar.com.br\/loja\/produto\/clube-so-para-meninos-i-2\/","title":{"rendered":"Clube S\u00f3 para Meninos II"},"content":{"rendered":"<table width=\"614\">\n<tbody>\n<tr>\n<td width=\"170\"><strong>Dimens\u00f5es<\/strong><\/td>\n<td width=\"444\">Largura: 2,00 m<\/p>\n<p>Comprimento: 4,50 m<\/p>\n<p>Altura com janela superior: 2,40 m<\/p>\n<p>Altura da lateral: 2,05 m<\/p>\n<p>Espa\u00e7o Interno: 2,00 m (L) x 3,60 m (C)<\/p>\n<p>Varanda: 1,20 m (L) x 0,90 cm (C)<\/td>\n<\/tr>\n<tr>\n<td width=\"170\"><strong>Madeiras Nobres<\/strong><\/td>\n<td width=\"444\">\n<p style=\"text-align: justify;\">Fabricamos nossas casinhas com frontal (espessura 2cm) de madeiras nobres. Madeiras Nobres que utilizamos: Ita\u00faba e Cedro Vermelho sem brancal.<\/p>\n<p style=\"text-align: justify;\">*Madeiras Nobres s\u00e3o aquelas com elevadas durabilidade natural, resist\u00eancia, bom aspecto geral e estabilidade em todos os sentidos. Utilizamos madeiras nobres de fornecedores que possuem <strong>DOF<\/strong> (Documento de Origem Florestal \u2013 Instituto Brasileiro do Meio Ambiente e dos Recursos Naturais Renov\u00e1veis). N\u00e3o usamos MDF.<\/p>\n<\/td>\n<\/tr>\n<tr>\n<td width=\"170\"><strong>Janelas e Porta<\/strong><\/td>\n<td width=\"444\">Seis janelas e uma porta.<\/p>\n<p style=\"text-align: justify;\">Madeiras nobres de cedro vermelho sem brancal com acr\u00edlico. Trincos de alum\u00ednio com parafusos inoxid\u00e1veis e fechadura de cilindro<strong>.<\/strong><\/p>\n<p style=\"text-align: justify;\"><strong>Para maior seguran\u00e7a, ao inv\u00e9s do vidro, n\u00f3s utilizamos o<\/strong> acr\u00edlico nas janelas e porta, oferecendo assim maior difus\u00e3o de luz e transpar\u00eancia. O acr\u00edlico mant\u00e9m as cores originais e a transpar\u00eancia, por ser protegido contra os raios solares UV.<\/p>\n<\/td>\n<\/tr>\n<tr>\n<td width=\"170\"><strong>Mezanino Interno<\/strong><\/td>\n<td width=\"444\">\n<p style=\"text-align: justify;\">Escada em dois est\u00e1gios na \u00e1rea interna com mezanino para observar na janelinha superior. Caso o cliente desejar, pode ser adaptado um telesc\u00f3pio.<\/p>\n<\/td>\n<\/tr>\n<tr>\n<td width=\"170\"><strong>Cobertura<\/strong><\/td>\n<td width=\"444\">Telhas Onduline.<\/p>\n<p style=\"text-align: justify;\">* As telhas onduline s\u00e3o ecologicamente corretas, possuem baixa transmiss\u00e3o de calor, s\u00e3o leves, flex\u00edveis e resistentes.<\/p>\n<\/td>\n<\/tr>\n<tr>\n<td width=\"170\"><strong>Isolamento T\u00e9rmico\u00a0\u00a0\u00a0\u00a0\u00a0 <\/strong><\/p>\n<p><strong>\u00a0<\/strong><\/td>\n<td width=\"444\">Forro interno de pl\u00e1stico PVC ou madeira com manta t\u00e9rmica.<\/p>\n<p style=\"text-align: justify;\">*A manta t\u00e9rmica \u00e9 uma excelente prote\u00e7\u00e3o contra o calor, frio, umidade e intemp\u00e9ries. No ver\u00e3o, isola termicamente a irradia\u00e7\u00e3o de calor, proporcionando um agrad\u00e1vel conforto. No inverno, mant\u00e9m o calor gerado no ambiente interno, deixando a casinha quentinha e aconchegante.<\/p>\n<\/td>\n<\/tr>\n<tr>\n<td width=\"170\"><strong>Pintura<\/strong><\/td>\n<td width=\"444\">\n<p style=\"text-align: justify;\">Tintas esmalte a base d\u2019\u00e1gua Premium ecol\u00f3gica, at\u00f3xica, sem cheiro (Marca: Sherwin Williams). Disponibilizamos diversas cores que o cliente poder\u00e1 escolher conforme desejar.<\/p>\n<p>*Todas as pe\u00e7as da casinha s\u00e3o lixadas, n\u00e3o tem problemas de farpas.<\/td>\n<\/tr>\n<tr>\n<td width=\"170\"><strong>Acabamento Artesanal<\/strong><\/td>\n<td width=\"444\">\n<p style=\"text-align: justify;\">Alto padr\u00e3o. Fabricamos as casinhas com processo artesanal, que valoriza e garante a exclusividade de cada pe\u00e7a. Nossa equipe cuida dos m\u00ednimos detalhes na fabrica\u00e7\u00e3o. A eleg\u00e2ncia e o tratamento art\u00edstico de nossas casinhas oferecem um design que alia beleza \u00e0 durabilidade.<\/p>\n<\/td>\n<\/tr>\n<tr>\n<td width=\"170\"><strong>Entrega e Montagem<\/strong><\/td>\n<td width=\"444\">\n<p style=\"text-align: justify;\">A Casinha de Brincar realiza a entrega e montagem no local com sua equipe especializada. Sendo respons\u00e1vel pela montagem um mestre marceneiro.\u00a0 As taxas de montagem n\u00e3o est\u00e3o inclusas no valor da casinha. Para realizarmos cota\u00e7\u00e3o de montagem, entre em contato conosco: <a href=\"mailto:contato@casinhadebrincar.com.br\">contato@casinhadebrincar.com.br<\/a><\/p>\n<\/td>\n<\/tr>\n<tr>\n<td width=\"170\"><strong>Acess\u00f3rios<\/strong><\/td>\n<td width=\"444\">N\u00e3o acompanham a casinha \u2013 vendidos separadamente.<\/td>\n<\/tr>\n<tr>\n<td width=\"170\"><strong>Valor<\/strong><\/td>\n<td width=\"444\">Consultar.<\/td>\n<\/tr>\n<\/tbody>\n<\/table>\n","protected":false},"excerpt":{"rendered":"<p style=\"text-align: justify;\">A Casinha de Brincar apresenta um ambiente dedicado aos meninos, para fazerem reuni\u00f5es de brincadeiras com seus amigos compartilhando momentos agrad\u00e1veis usando muita imagina\u00e7\u00e3o.<\/p>\n<p>Um clube secreto s\u00f3 para meninos! Eles ir\u00e3o amar essa ideia!<\/p>\n","protected":false},"featured_media":2941,"comment_status":"open","ping_status":"closed","template":"","meta":[],"class_list":["post-1796","product","type-product","status-publish","has-post-thumbnail","hentry","product_cat-personalizado"],"_links":{"self":[{"href":"https:\/\/www.casinhadebrincar.com.br\/loja\/wp-json\/wp\/v2\/product\/1796","targetHints":{"allow":["GET"]}}],"collection":[{"href":"https:\/\/www.casinhadebrincar.com.br\/loja\/wp-json\/wp\/v2\/product"}],"about":[{"href":"https:\/\/www.casinhadebrincar.com.br\/loja\/wp-json\/wp\/v2\/types\/product"}],"replies":[{"embeddable":true,"href":"https:\/\/www.casinhadebrincar.com.br\/loja\/wp-json\/wp\/v2\/comments?post=1796"}],"wp:featuredmedia":[{"embeddable":true,"href":"https:\/\/www.casinhadebrincar.com.br\/loja\/wp-json\/wp\/v2\/media\/2941"}],"wp:attachment":[{"href":"https:\/\/www.casinhadebrincar.com.br\/loja\/wp-json\/wp\/v2\/media?parent=1796"}],"curies":[{"name":"wp","href":"https:\/\/api.w.org\/{rel}","templated":true}]}}