{"id":1621,"date":"2020-07-21T15:57:14","date_gmt":"2020-07-21T18:57:14","guid":{"rendered":"http:\/\/srv16.teste.website\/~casinhadebrincar\/loja\/?post_type=product&#038;p=1621"},"modified":"2023-06-15T18:07:29","modified_gmt":"2023-06-15T21:07:29","slug":"casinha-carvalho-i","status":"publish","type":"product","link":"https:\/\/www.casinhadebrincar.com.br\/loja\/produto\/casinha-carvalho-i\/","title":{"rendered":"Casinha Carvalho I"},"content":{"rendered":"<p>&nbsp;<\/p>\n<table width=\"603\">\n<tbody>\n<tr>\n<td width=\"158\"><strong>Dimens\u00f5es<\/strong><\/td>\n<td width=\"444\">Largura: 2,40 m<\/p>\n<p>Comprimento: 3,20 m<\/p>\n<p>Altura central: 2,50 m<\/p>\n<p>Altura da lateral: 1,65 m<\/p>\n<p>Espa\u00e7o Interno: 2,40 m (L) x 2,40 m (C)<\/p>\n<p>Varanda: 2,40 m (L) x 0,80 c (C)<\/td>\n<\/tr>\n<tr>\n<td width=\"158\"><strong>Madeiras<\/strong><\/td>\n<td width=\"444\">\n<p style=\"text-align: justify;\">Fabricamos nossas casinhas com frontal (espessura 2cm) de madeiras nobres. Madeiras Nobres que utilizamos: Ita\u00faba e Cedro Vermelho sem brancal.<\/p>\n<p style=\"text-align: justify;\">*Madeiras Nobres s\u00e3o aquelas com elevadas durabilidade natural, resist\u00eancia, bom aspecto geral e estabilidade em todos os sentidos. Utilizamos madeiras nobres de fornecedores que possuem <strong>DOF<\/strong> (Documento de Origem Florestal \u2013 Instituto Brasileiro do Meio Ambiente e dos Recursos Naturais Renov\u00e1veis). N\u00e3o usamos MDF.<\/p>\n<\/td>\n<\/tr>\n<tr>\n<td width=\"158\"><strong>Janelas e Porta<\/strong><\/td>\n<td width=\"444\">Cinco janelas com floreiras e uma porta.<\/p>\n<p style=\"text-align: justify;\">Madeiras nobres de cedro vermelho sem brancal com acr\u00edlico. Trincos de alum\u00ednio com parafusos inoxid\u00e1veis e fechadura de cilindro<strong>.<\/strong><\/p>\n<p style=\"text-align: justify;\"><strong>Para maior seguran\u00e7a, ao inv\u00e9s do vidro, n\u00f3s utilizamos o<\/strong> acr\u00edlico nas janelas e porta, oferecendo assim maior difus\u00e3o de luz e transpar\u00eancia. O acr\u00edlico mant\u00e9m as cores originais e a transpar\u00eancia, por ser protegido contra os raios solares UV.<\/p>\n<\/td>\n<\/tr>\n<tr>\n<td width=\"158\"><strong>Mezanino Interno<\/strong><\/td>\n<td width=\"444\">Mezanino Interno com grades de prote\u00e7\u00e3o e escada m\u00f3vel.<\/p>\n<p><strong>* Na aus\u00eancia de adulto, a escada pode ser removida para maior seguran\u00e7a.<\/strong><\/td>\n<\/tr>\n<tr>\n<td width=\"158\"><strong>Cobertura<\/strong><\/td>\n<td width=\"444\">Telhas Shingle.<\/p>\n<p style=\"text-align: justify;\">As telhas shingle s\u00e3o importadas do Canad\u00e1 (IKo \u2013 Cambridge). Shingle \u00e9 um sistema de cobertura muito utilizado na Europa e EUA devido as suas in\u00fameras vantagens que proporcionam beleza e alta durabilidade, mesmo sob extremas condi\u00e7\u00f5es clim\u00e1ticas<strong>.\u00a0 <\/strong><\/p>\n<\/td>\n<\/tr>\n<tr>\n<td width=\"158\"><strong>Isolamento T\u00e9rmico\u00a0\u00a0\u00a0\u00a0\u00a0 <\/strong><\/p>\n<p><strong>\u00a0<\/strong><\/td>\n<td width=\"444\">Forro interno com manta t\u00e9rmica.<\/p>\n<p style=\"text-align: justify;\">*A manta t\u00e9rmica \u00e9 uma excelente prote\u00e7\u00e3o contra o calor, frio, umidade e intemp\u00e9ries. No ver\u00e3o, isola termicamente a irradia\u00e7\u00e3o de calor, proporcionando um agrad\u00e1vel conforto. No inverno, mant\u00e9m o calor gerado no ambiente interno, deixando a casinha quentinha e aconchegante.<\/p>\n<\/td>\n<\/tr>\n<tr>\n<td width=\"158\"><strong>Pintura<\/strong><\/td>\n<td width=\"444\">\n<p style=\"text-align: justify;\">Tintas esmalte a base d\u2019\u00e1gua Premium ecol\u00f3gica, at\u00f3xica, sem cheiro (Marca: Sherwin Williams). Disponibilizamos diversas cores que o cliente poder\u00e1 escolher conforme desejar.<\/p>\n<p>*Todas as pe\u00e7as da casinha s\u00e3o lixadas, n\u00e3o tem problemas de farpas.<\/td>\n<\/tr>\n<tr>\n<td width=\"158\"><strong>Acabamento Artesanal<\/strong><\/td>\n<td width=\"444\">\n<p style=\"text-align: justify;\">Alto padr\u00e3o. Fabricamos as casinhas com processo artesanal, que valoriza e garante a exclusividade de cada pe\u00e7a. Nossa equipe cuida dos m\u00ednimos detalhes na fabrica\u00e7\u00e3o. A eleg\u00e2ncia e o tratamento art\u00edstico de nossas casinhas oferecem um design que alia beleza \u00e0 durabilidade.<\/p>\n<\/td>\n<\/tr>\n<tr>\n<td width=\"158\"><strong>Entrega e Montagem<\/strong><\/td>\n<td width=\"444\">\n<p style=\"text-align: justify;\">A Casinha de Brincar realiza a entrega e montagem no local com sua equipe especializada. Sendo respons\u00e1vel pela montagem um mestre marceneiro.\u00a0 As taxas de montagem n\u00e3o est\u00e3o inclusas no valor da casinha. Para realizarmos cota\u00e7\u00e3o de montagem, entre em contato conosco: <a href=\"mailto:contato@casinhadebrincar.com.br\">contato@casinhadebrincar.com.br<\/a><\/p>\n<\/td>\n<\/tr>\n<tr>\n<td width=\"158\"><strong>Acess\u00f3rios<\/strong><\/td>\n<td width=\"444\">N\u00e3o acompanham a casinha \u2013 vendidos separadamente.<\/td>\n<\/tr>\n<tr>\n<td width=\"158\"><strong>Valor<\/strong><\/td>\n<td width=\"444\">Consultar.<\/td>\n<\/tr>\n<\/tbody>\n<\/table>\n","protected":false},"excerpt":{"rendered":"<p style=\"text-align: justify;\">Apresentamos a Casinha Carvalho I, um novo conceito de casinha, n\u00e3o s\u00f3 para crian\u00e7as, mas para os pais e familiares participarem juntos das brincadeiras.<\/p>\n<p style=\"text-align: justify;\">O maior presente que os pais podem dar aos seus filhos \u00e9 um brinquedo no qual eles podem compartilhar momentos juntos, os quais jamais ser\u00e3o esquecidos!<\/p>\n<p style=\"text-align: justify;\">A qualidade \u00e9 imprescind\u00edvel, cuidamos dos m\u00ednimos detalhes da fabrica\u00e7\u00e3o e sempre fizemos nosso trabalho com amor, pois realizar os sonhos das crian\u00e7as \u00e9 uma miss\u00e3o especial!<\/p>\n<p>&nbsp;<\/p>\n<p>* Veja o v\u00eddeo da Casinha Carvalho I:<br \/>\n<a href=\"https:\/\/www.instagram.com\/reel\/CRoUaQEgP5B\/?utm_medium=copy_link\">https:\/\/www.instagram.com\/reel\/CRoUaQEgP5B\/?utm_medium=copy_link<\/a><\/p>\n<p>&nbsp;<\/p>\n","protected":false},"featured_media":1622,"comment_status":"open","ping_status":"closed","template":"","meta":[],"class_list":["post-1621","product","type-product","status-publish","has-post-thumbnail","hentry","product_cat-casinhas-pequeno-medio-porte"],"_links":{"self":[{"href":"https:\/\/www.casinhadebrincar.com.br\/loja\/wp-json\/wp\/v2\/product\/1621","targetHints":{"allow":["GET"]}}],"collection":[{"href":"https:\/\/www.casinhadebrincar.com.br\/loja\/wp-json\/wp\/v2\/product"}],"about":[{"href":"https:\/\/www.casinhadebrincar.com.br\/loja\/wp-json\/wp\/v2\/types\/product"}],"replies":[{"embeddable":true,"href":"https:\/\/www.casinhadebrincar.com.br\/loja\/wp-json\/wp\/v2\/comments?post=1621"}],"wp:featuredmedia":[{"embeddable":true,"href":"https:\/\/www.casinhadebrincar.com.br\/loja\/wp-json\/wp\/v2\/media\/1622"}],"wp:attachment":[{"href":"https:\/\/www.casinhadebrincar.com.br\/loja\/wp-json\/wp\/v2\/media?parent=1621"}],"curies":[{"name":"wp","href":"https:\/\/api.w.org\/{rel}","templated":true}]}}