{"id":1135,"date":"2020-05-12T15:09:43","date_gmt":"2020-05-12T18:09:43","guid":{"rendered":"http:\/\/srv16.teste.website\/~casinhadebrincar\/loja\/?page_id=1135"},"modified":"2024-02-13T09:30:36","modified_gmt":"2024-02-13T12:30:36","slug":"imprensa","status":"publish","type":"page","link":"https:\/\/www.casinhadebrincar.com.br\/loja\/imprensa\/","title":{"rendered":"Imprensa"},"content":{"rendered":"<div  style='padding-bottom:10px; ' class='av-special-heading av-special-heading-h2  blockquote modern-quote modern-centered  avia-builder-el-0  el_before_av_portfolio  avia-builder-el-no-sibling  '><h2 class='av-special-heading-tag '  itemprop=\"headline\"  >A participa\u00e7\u00e3o da Casinha de Brincar na imprensa<\/h2><div class ='av-subheading av-subheading_below  ' style='font-size:15px;'><p>Mostrando al\u00e9m de seus produtos temos as vantagens de se ter uma casinha em seu jardim.<\/p>\n<\/div><div class='special-heading-border'><div class='special-heading-inner-border' ><\/div><\/div><\/div>\n<div  id=\"av-sc-portfolio-1\"  class=\"av-portfolio-grid-sorting-container\"><div class='sort_width_container  av-sort-yes' data-portfolio-id='1' ><div id='js_sort_items' ><div class='sort_by_cat hidden '><a href=\"#\" data-filter=\"all_sort\" class=\"all_sort_button active_sort\"><span class=\"inner_sort_button\"><span>Todos<\/span><small class=\"av-cat-count\"> 16 <\/small><\/span><\/a><span class='text-sep imprensa_sort_sep'>\/<\/span><a href=\"#\" data-filter=\"imprensa_sort\" class=\"imprensa_sort_button\" ><span class=\"inner_sort_button\"><span>Imprensa<\/span><small class='av-cat-count'> 16 <\/small><\/span><\/a><\/div><\/div><\/div><div  class=' grid-sort-container isotope   no_margin-container with-excerpt-container grid-total-even grid-col-5 grid-links-' data-portfolio-id='1'><div data-ajax-id='4133' class=' grid-entry flex_column isotope-item all_sort no_margin post-entry post-entry-4133 grid-entry-overview grid-loop-1 grid-parity-odd  imprensa_sort  av_one_fifth first default_av_fullwidth '><article class='main_color inner-entry'  itemscope=\"itemscope\" itemtype=\"https:\/\/schema.org\/CreativeWork\" ><a href='https:\/\/www.casinhadebrincar.com.br\/loja\/portfolio-item\/projeto-vila-antonella-para-dani-bessa\/' title='Projeto Vila Antonella para Dani Bessa'  data-rel='grid-1' class='grid-image avia-hover-fx'> <img decoding=\"async\" width=\"260\" height=\"185\" src=\"https:\/\/www.casinhadebrincar.com.br\/loja\/wp-content\/uploads\/2024\/06\/ig-260x185.jpg\" class=\"wp-image-4134 avia-img-lazy-loading-not-4134 attachment-portfolio_small size-portfolio_small wp-post-image\" alt=\"\" \/><\/a><div class='grid-content'><div class='avia-arrow'><\/div><header class=\"entry-content-header\"><h3 class='grid-entry-title entry-title '  itemprop=\"headline\" ><a href='https:\/\/www.casinhadebrincar.com.br\/loja\/portfolio-item\/projeto-vila-antonella-para-dani-bessa\/' title='Projeto Vila Antonella para Dani Bessa'>Projeto Vila Antonella para Dani Bessa<\/a><\/h3><\/header><\/div><footer class=\"entry-footer\"><\/footer><\/article><\/div><div data-ajax-id='4130' class=' grid-entry flex_column isotope-item all_sort no_margin post-entry post-entry-4130 grid-entry-overview grid-loop-2 grid-parity-even  imprensa_sort  av_one_fifth  default_av_fullwidth '><article class='main_color inner-entry'  itemscope=\"itemscope\" itemtype=\"https:\/\/schema.org\/CreativeWork\" ><a href='https:\/\/www.casinhadebrincar.com.br\/loja\/portfolio-item\/arquiteta-daniela-bessa-cria-vila-para-sua-filha-no-jardim-de-casa\/' title='Arquiteta Daniela Bessa cria vila para sua filha no jardim de casa'  data-rel='grid-1' class='grid-image avia-hover-fx'> <img decoding=\"async\" width=\"260\" height=\"185\" src=\"https:\/\/www.casinhadebrincar.com.br\/loja\/wp-content\/uploads\/2024\/06\/daniela-bessa-260x185.jpeg\" class=\"wp-image-4131 avia-img-lazy-loading-not-4131 attachment-portfolio_small size-portfolio_small wp-post-image\" alt=\"\" \/><\/a><div class='grid-content'><div class='avia-arrow'><\/div><header class=\"entry-content-header\"><h3 class='grid-entry-title entry-title '  itemprop=\"headline\" ><a href='https:\/\/www.casinhadebrincar.com.br\/loja\/portfolio-item\/arquiteta-daniela-bessa-cria-vila-para-sua-filha-no-jardim-de-casa\/' title='Arquiteta Daniela Bessa cria vila para sua filha no jardim de casa'>Arquiteta Daniela Bessa cria vila para sua filha no jardim de casa<\/a><\/h3><\/header><\/div><footer class=\"entry-footer\"><\/footer><\/article><\/div><div data-ajax-id='4120' class=' grid-entry flex_column isotope-item all_sort no_margin post-entry post-entry-4120 grid-entry-overview grid-loop-3 grid-parity-odd  imprensa_sort  av_one_fifth  default_av_fullwidth '><article class='main_color inner-entry'  itemscope=\"itemscope\" itemtype=\"https:\/\/schema.org\/CreativeWork\" ><a href='https:\/\/www.casinhadebrincar.com.br\/loja\/portfolio-item\/brinquedoteca-personalizada-embraed\/' title='Brinquedoteca Personalizada Embraed'  data-rel='grid-1' class='grid-image avia-hover-fx'> <img decoding=\"async\" width=\"260\" height=\"185\" src=\"https:\/\/www.casinhadebrincar.com.br\/loja\/wp-content\/uploads\/2024\/03\/embraed-principal2-260x185.jpg\" class=\"wp-image-4125 avia-img-lazy-loading-not-4125 attachment-portfolio_small size-portfolio_small wp-post-image\" alt=\"\" \/><\/a><div class='grid-content'><div class='avia-arrow'><\/div><header class=\"entry-content-header\"><h3 class='grid-entry-title entry-title '  itemprop=\"headline\" ><a href='https:\/\/www.casinhadebrincar.com.br\/loja\/portfolio-item\/brinquedoteca-personalizada-embraed\/' title='Brinquedoteca Personalizada Embraed'>Brinquedoteca Personalizada Embraed<\/a><\/h3><\/header><\/div><footer class=\"entry-footer\"><\/footer><\/article><\/div><div data-ajax-id='4079' class=' grid-entry flex_column isotope-item all_sort no_margin post-entry post-entry-4079 grid-entry-overview grid-loop-4 grid-parity-even  imprensa_sort  av_one_fifth  default_av_fullwidth '><article class='main_color inner-entry'  itemscope=\"itemscope\" itemtype=\"https:\/\/schema.org\/CreativeWork\" ><a href='https:\/\/www.casinhadebrincar.com.br\/loja\/portfolio-item\/casinha-de-brincar-da-eva\/' title='Casinha de Brincar da Eva'  data-rel='grid-1' class='grid-image avia-hover-fx'> <img decoding=\"async\" width=\"260\" height=\"185\" src=\"https:\/\/www.casinhadebrincar.com.br\/loja\/wp-content\/uploads\/2024\/02\/Casinha-da-Eva-260x185.jpg\" class=\"wp-image-4081 avia-img-lazy-loading-not-4081 attachment-portfolio_small size-portfolio_small wp-post-image\" alt=\"\" \/><\/a><div class='grid-content'><div class='avia-arrow'><\/div><header class=\"entry-content-header\"><h3 class='grid-entry-title entry-title '  itemprop=\"headline\" ><a href='https:\/\/www.casinhadebrincar.com.br\/loja\/portfolio-item\/casinha-de-brincar-da-eva\/' title='Casinha de Brincar da Eva'>Casinha de Brincar da Eva<\/a><\/h3><\/header><\/div><footer class=\"entry-footer\"><\/footer><\/article><\/div><div data-ajax-id='4073' class=' grid-entry flex_column isotope-item all_sort no_margin post-entry post-entry-4073 grid-entry-overview grid-loop-5 grid-parity-odd  imprensa_sort  av_one_fifth  default_av_fullwidth '><article class='main_color inner-entry'  itemscope=\"itemscope\" itemtype=\"https:\/\/schema.org\/CreativeWork\" ><a href='https:\/\/www.casinhadebrincar.com.br\/loja\/portfolio-item\/angelica-mostra-casinha-de-boneca-da-filha-e-chama-atencao-maior-que-muito-apartamento\/' title='Angelica mostra casinha de boneca da filha e chama aten\u00e7\u00e3o: &#8220;Maior que muito apartamento&#8221;'  data-rel='grid-1' class='grid-image avia-hover-fx'> <img decoding=\"async\" width=\"260\" height=\"185\" src=\"https:\/\/www.casinhadebrincar.com.br\/loja\/wp-content\/uploads\/2024\/02\/angelica2-260x185.jpg\" class=\"wp-image-4074 avia-img-lazy-loading-not-4074 attachment-portfolio_small size-portfolio_small wp-post-image\" alt=\"\" \/><\/a><div class='grid-content'><div class='avia-arrow'><\/div><header class=\"entry-content-header\"><h3 class='grid-entry-title entry-title '  itemprop=\"headline\" ><a href='https:\/\/www.casinhadebrincar.com.br\/loja\/portfolio-item\/angelica-mostra-casinha-de-boneca-da-filha-e-chama-atencao-maior-que-muito-apartamento\/' title='Angelica mostra casinha de boneca da filha e chama aten\u00e7\u00e3o: &#8220;Maior que muito apartamento&#8221;'>Angelica mostra casinha de boneca da filha e chama aten\u00e7\u00e3o: &#8220;Maior que muito apartamento&#8221;<\/a><\/h3><\/header><\/div><footer class=\"entry-footer\"><\/footer><\/article><\/div><div data-ajax-id='4070' class=' grid-entry flex_column isotope-item all_sort no_margin post-entry post-entry-4070 grid-entry-overview grid-loop-6 grid-parity-even  imprensa_sort  av_one_fifth first default_av_fullwidth '><article class='main_color inner-entry'  itemscope=\"itemscope\" itemtype=\"https:\/\/schema.org\/CreativeWork\" ><a href='https:\/\/www.casinhadebrincar.com.br\/loja\/portfolio-item\/casinha-de-boneca-de-eva-huck-chama-a-atencao-na-mansao-de-angelica\/' title='Casinha de boneca de Eva Huck chama a aten\u00e7\u00e3o na mans\u00e3o de Ang\u00e9lica'  data-rel='grid-1' class='grid-image avia-hover-fx'> <img decoding=\"async\" width=\"260\" height=\"185\" src=\"https:\/\/www.casinhadebrincar.com.br\/loja\/wp-content\/uploads\/2024\/02\/angelica-260x185.jpg\" class=\"wp-image-4071 avia-img-lazy-loading-not-4071 attachment-portfolio_small size-portfolio_small wp-post-image\" alt=\"\" \/><\/a><div class='grid-content'><div class='avia-arrow'><\/div><header class=\"entry-content-header\"><h3 class='grid-entry-title entry-title '  itemprop=\"headline\" ><a href='https:\/\/www.casinhadebrincar.com.br\/loja\/portfolio-item\/casinha-de-boneca-de-eva-huck-chama-a-atencao-na-mansao-de-angelica\/' title='Casinha de boneca de Eva Huck chama a aten\u00e7\u00e3o na mans\u00e3o de Ang\u00e9lica'>Casinha de boneca de Eva Huck chama a aten\u00e7\u00e3o na mans\u00e3o de Ang\u00e9lica<\/a><\/h3><\/header><\/div><footer class=\"entry-footer\"><\/footer><\/article><\/div><div data-ajax-id='3605' class=' grid-entry flex_column isotope-item all_sort no_margin post-entry post-entry-3605 grid-entry-overview grid-loop-7 grid-parity-odd  imprensa_sort  av_one_fifth  default_av_fullwidth '><article class='main_color inner-entry'  itemscope=\"itemscope\" itemtype=\"https:\/\/schema.org\/CreativeWork\" ><a href='https:\/\/www.casinhadebrincar.com.br\/loja\/portfolio-item\/casinha-daniel-cady-e-ivete-sangalo\/' title='Casinha Daniel Cady e Ivete Sangalo'  data-rel='grid-1' class='grid-image avia-hover-fx'> <img decoding=\"async\" width=\"260\" height=\"185\" src=\"https:\/\/www.casinhadebrincar.com.br\/loja\/wp-content\/uploads\/2021\/11\/250072304_4353009131414410_2751180171609807887_n-260x185.jpg\" class=\"wp-image-3606 avia-img-lazy-loading-not-3606 attachment-portfolio_small size-portfolio_small wp-post-image\" alt=\"\" \/><\/a><div class='grid-content'><div class='avia-arrow'><\/div><header class=\"entry-content-header\"><h3 class='grid-entry-title entry-title '  itemprop=\"headline\" ><a href='https:\/\/www.casinhadebrincar.com.br\/loja\/portfolio-item\/casinha-daniel-cady-e-ivete-sangalo\/' title='Casinha Daniel Cady e Ivete Sangalo'>Casinha Daniel Cady e Ivete Sangalo<\/a><\/h3><\/header><\/div><footer class=\"entry-footer\"><\/footer><\/article><\/div><div data-ajax-id='1102' class=' grid-entry flex_column isotope-item all_sort no_margin post-entry post-entry-1102 grid-entry-overview grid-loop-8 grid-parity-even  imprensa_sort  av_one_fifth  default_av_fullwidth '><article class='main_color inner-entry'  itemscope=\"itemscope\" itemtype=\"https:\/\/schema.org\/CreativeWork\" ><a href='https:\/\/www.casinhadebrincar.com.br\/loja\/portfolio-item\/modelos-desenvolvidos-p-o-apresentador-luciano-huck\/' title='Modelos desenvolvidos p\/ o apresentador Luciano Huck'  data-rel='grid-1' class='grid-image avia-hover-fx'> <img decoding=\"async\" width=\"260\" height=\"185\" src=\"https:\/\/www.casinhadebrincar.com.br\/loja\/wp-content\/uploads\/2020\/05\/DSC033312-260x185.jpg\" class=\"wp-image-1103 avia-img-lazy-loading-not-1103 attachment-portfolio_small size-portfolio_small wp-post-image\" alt=\"\" \/><\/a><div class='grid-content'><div class='avia-arrow'><\/div><header class=\"entry-content-header\"><h3 class='grid-entry-title entry-title '  itemprop=\"headline\" ><a href='https:\/\/www.casinhadebrincar.com.br\/loja\/portfolio-item\/modelos-desenvolvidos-p-o-apresentador-luciano-huck\/' title='Modelos desenvolvidos p\/ o apresentador Luciano Huck'>Modelos desenvolvidos p\/ o apresentador Luciano Huck<\/a><\/h3><\/header><\/div><footer class=\"entry-footer\"><\/footer><\/article><\/div><div data-ajax-id='1114' class=' grid-entry flex_column isotope-item all_sort no_margin post-entry post-entry-1114 grid-entry-overview grid-loop-9 grid-parity-odd  imprensa_sort  av_one_fifth  default_av_fullwidth '><article class='main_color inner-entry'  itemscope=\"itemscope\" itemtype=\"https:\/\/schema.org\/CreativeWork\" ><a href='https:\/\/www.casinhadebrincar.com.br\/loja\/portfolio-item\/roteiro-baby\/' title='Roteiro Baby'  data-rel='grid-1' class='grid-image avia-hover-fx'> <img decoding=\"async\" width=\"260\" height=\"185\" src=\"https:\/\/www.casinhadebrincar.com.br\/loja\/wp-content\/uploads\/2020\/05\/noticia-5-23-260x185.jpg\" class=\"wp-image-1115 avia-img-lazy-loading-not-1115 attachment-portfolio_small size-portfolio_small wp-post-image\" alt=\"\" \/><\/a><div class='grid-content'><div class='avia-arrow'><\/div><header class=\"entry-content-header\"><h3 class='grid-entry-title entry-title '  itemprop=\"headline\" ><a href='https:\/\/www.casinhadebrincar.com.br\/loja\/portfolio-item\/roteiro-baby\/' title='Roteiro Baby'>Roteiro Baby<\/a><\/h3><\/header><\/div><footer class=\"entry-footer\"><\/footer><\/article><\/div><div data-ajax-id='1110' class=' grid-entry flex_column isotope-item all_sort no_margin post-entry post-entry-1110 grid-entry-overview grid-loop-10 grid-parity-even  imprensa_sort  av_one_fifth  default_av_fullwidth '><article class='main_color inner-entry'  itemscope=\"itemscope\" itemtype=\"https:\/\/schema.org\/CreativeWork\" ><a href='https:\/\/www.casinhadebrincar.com.br\/loja\/portfolio-item\/rede-globo-pegn-escola-uniepre-sp\/' title='Rede Globo PEGN \u2013 Escola Uniepre\/SP'  data-rel='grid-1' class='grid-image avia-hover-fx'> <img decoding=\"async\" width=\"260\" height=\"185\" src=\"https:\/\/www.casinhadebrincar.com.br\/loja\/wp-content\/uploads\/2020\/05\/pequenas-empresas-grandes-negocios-rimaq-260x185.jpg\" class=\"wp-image-1112 avia-img-lazy-loading-not-1112 attachment-portfolio_small size-portfolio_small wp-post-image\" alt=\"\" \/><\/a><div class='grid-content'><div class='avia-arrow'><\/div><header class=\"entry-content-header\"><h3 class='grid-entry-title entry-title '  itemprop=\"headline\" ><a href='https:\/\/www.casinhadebrincar.com.br\/loja\/portfolio-item\/rede-globo-pegn-escola-uniepre-sp\/' title='Rede Globo PEGN \u2013 Escola Uniepre\/SP'>Rede Globo PEGN \u2013 Escola Uniepre\/SP<\/a><\/h3><\/header><\/div><footer class=\"entry-footer\"><\/footer><\/article><\/div><div data-ajax-id='2475' class=' grid-entry flex_column isotope-item all_sort no_margin post-entry post-entry-2475 grid-entry-overview grid-loop-11 grid-parity-odd  imprensa_sort  av_one_fifth first default_av_fullwidth '><article class='main_color inner-entry'  itemscope=\"itemscope\" itemtype=\"https:\/\/schema.org\/CreativeWork\" ><a href='https:\/\/www.casinhadebrincar.com.br\/loja\/portfolio-item\/clubinho-casa-e-jardim\/' title='Clubinho Casa e Jardim'  data-rel='grid-1' class='grid-image avia-hover-fx'> <img decoding=\"async\" width=\"260\" height=\"185\" src=\"https:\/\/www.casinhadebrincar.com.br\/loja\/wp-content\/uploads\/2020\/08\/casa-suspensa-de-madeira-verde-com-entrada-de-trepa-trepa-rodrigo_oliveira-1-260x185.jpg\" class=\"wp-image-2476 avia-img-lazy-loading-not-2476 attachment-portfolio_small size-portfolio_small wp-post-image\" alt=\"\" \/><\/a><div class='grid-content'><div class='avia-arrow'><\/div><header class=\"entry-content-header\"><h3 class='grid-entry-title entry-title '  itemprop=\"headline\" ><a href='https:\/\/www.casinhadebrincar.com.br\/loja\/portfolio-item\/clubinho-casa-e-jardim\/' title='Clubinho Casa e Jardim'>Clubinho Casa e Jardim<\/a><\/h3><\/header><\/div><footer class=\"entry-footer\"><\/footer><\/article><\/div><div data-ajax-id='1131' class=' grid-entry flex_column isotope-item all_sort no_margin post-entry post-entry-1131 grid-entry-overview grid-loop-12 grid-parity-even  imprensa_sort  av_one_fifth  default_av_fullwidth '><article class='main_color inner-entry'  itemscope=\"itemscope\" itemtype=\"https:\/\/schema.org\/CreativeWork\" ><a href='https:\/\/www.casinhadebrincar.com.br\/loja\/portfolio-item\/revista-pais-e-filhos\/' title='Revista Pais e Filhos'  data-rel='grid-1' class='grid-image avia-hover-fx'> <img decoding=\"async\" width=\"260\" height=\"185\" src=\"https:\/\/www.casinhadebrincar.com.br\/loja\/wp-content\/uploads\/2020\/05\/noticia-2-11-260x185.jpg\" class=\"wp-image-1132 avia-img-lazy-loading-not-1132 attachment-portfolio_small size-portfolio_small wp-post-image\" alt=\"\" \/><\/a><div class='grid-content'><div class='avia-arrow'><\/div><header class=\"entry-content-header\"><h3 class='grid-entry-title entry-title '  itemprop=\"headline\" ><a href='https:\/\/www.casinhadebrincar.com.br\/loja\/portfolio-item\/revista-pais-e-filhos\/' title='Revista Pais e Filhos'>Revista Pais e Filhos<\/a><\/h3><\/header><\/div><footer class=\"entry-footer\"><\/footer><\/article><\/div><div data-ajax-id='1128' class=' grid-entry flex_column isotope-item all_sort no_margin post-entry post-entry-1128 grid-entry-overview grid-loop-13 grid-parity-odd  imprensa_sort  av_one_fifth  default_av_fullwidth '><article class='main_color inner-entry'  itemscope=\"itemscope\" itemtype=\"https:\/\/schema.org\/CreativeWork\" ><a href='https:\/\/www.casinhadebrincar.com.br\/loja\/portfolio-item\/expoflora-2012\/' title='Expoflora 2012'  data-rel='grid-1' class='grid-image avia-hover-fx'> <img decoding=\"async\" width=\"260\" height=\"185\" src=\"https:\/\/www.casinhadebrincar.com.br\/loja\/wp-content\/uploads\/2020\/05\/sonho_de_menina-300x250-1-260x185.jpg\" class=\"wp-image-1129 avia-img-lazy-loading-not-1129 attachment-portfolio_small size-portfolio_small wp-post-image\" alt=\"\" \/><\/a><div class='grid-content'><div class='avia-arrow'><\/div><header class=\"entry-content-header\"><h3 class='grid-entry-title entry-title '  itemprop=\"headline\" ><a href='https:\/\/www.casinhadebrincar.com.br\/loja\/portfolio-item\/expoflora-2012\/' title='Expoflora 2012'>Expoflora 2012<\/a><\/h3><\/header><\/div><footer class=\"entry-footer\"><\/footer><\/article><\/div><div data-ajax-id='1125' class=' grid-entry flex_column isotope-item all_sort no_margin post-entry post-entry-1125 grid-entry-overview grid-loop-14 grid-parity-even  imprensa_sort  av_one_fifth  default_av_fullwidth '><article class='main_color inner-entry'  itemscope=\"itemscope\" itemtype=\"https:\/\/schema.org\/CreativeWork\" ><a href='https:\/\/www.casinhadebrincar.com.br\/loja\/portfolio-item\/decorador-net\/' title='Decorador Net'  data-rel='grid-1' class='grid-image avia-hover-fx'> <img decoding=\"async\" width=\"260\" height=\"185\" src=\"https:\/\/www.casinhadebrincar.com.br\/loja\/wp-content\/uploads\/2020\/05\/noticia-4-8-260x185.jpg\" class=\"wp-image-1126 avia-img-lazy-loading-not-1126 attachment-portfolio_small size-portfolio_small wp-post-image\" alt=\"\" \/><\/a><div class='grid-content'><div class='avia-arrow'><\/div><header class=\"entry-content-header\"><h3 class='grid-entry-title entry-title '  itemprop=\"headline\" ><a href='https:\/\/www.casinhadebrincar.com.br\/loja\/portfolio-item\/decorador-net\/' title='Decorador Net'>Decorador Net<\/a><\/h3><\/header><\/div><footer class=\"entry-footer\"><\/footer><\/article><\/div><div data-ajax-id='1122' class=' grid-entry flex_column isotope-item all_sort no_margin post-entry post-entry-1122 grid-entry-overview grid-loop-15 grid-parity-odd  imprensa_sort  av_one_fifth  default_av_fullwidth '><article class='main_color inner-entry'  itemscope=\"itemscope\" itemtype=\"https:\/\/schema.org\/CreativeWork\" ><a href='https:\/\/www.casinhadebrincar.com.br\/loja\/portfolio-item\/mensagem-a-carta-de-amor-do-pai\/' title='Mensagem \u2013 A Carta de Amor do Pai'  data-rel='grid-1' class='grid-image avia-hover-fx'> <img decoding=\"async\" width=\"260\" height=\"185\" src=\"https:\/\/www.casinhadebrincar.com.br\/loja\/wp-content\/uploads\/2020\/05\/carta_pai-300x250-1-260x185.jpg\" class=\"wp-image-1123 avia-img-lazy-loading-not-1123 attachment-portfolio_small size-portfolio_small wp-post-image\" alt=\"\" \/><\/a><div class='grid-content'><div class='avia-arrow'><\/div><header class=\"entry-content-header\"><h3 class='grid-entry-title entry-title '  itemprop=\"headline\" ><a href='https:\/\/www.casinhadebrincar.com.br\/loja\/portfolio-item\/mensagem-a-carta-de-amor-do-pai\/' title='Mensagem \u2013 A Carta de Amor do Pai'>Mensagem \u2013 A Carta de Amor do Pai<\/a><\/h3><\/header><\/div><footer class=\"entry-footer\"><\/footer><\/article><\/div><div data-ajax-id='1117' class=' grid-entry flex_column isotope-item all_sort no_margin post-entry post-entry-1117 grid-entry-overview grid-loop-16 grid-parity-even  post-entry-last  imprensa_sort  av_one_fifth first default_av_fullwidth '><article class='main_color inner-entry'  itemscope=\"itemscope\" itemtype=\"https:\/\/schema.org\/CreativeWork\" ><a href='https:\/\/www.casinhadebrincar.com.br\/loja\/portfolio-item\/revista-casa-e-jardim\/' title='Revista Casa e Jardim'  data-rel='grid-1' class='grid-image avia-hover-fx'> <img decoding=\"async\" width=\"260\" height=\"185\" src=\"https:\/\/www.casinhadebrincar.com.br\/loja\/wp-content\/uploads\/2020\/05\/noticia-3-24-260x185.jpg\" class=\"wp-image-1118 avia-img-lazy-loading-not-1118 attachment-portfolio_small size-portfolio_small wp-post-image\" alt=\"\" \/><\/a><div class='grid-content'><div class='avia-arrow'><\/div><header class=\"entry-content-header\"><h3 class='grid-entry-title entry-title '  itemprop=\"headline\" ><a href='https:\/\/www.casinhadebrincar.com.br\/loja\/portfolio-item\/revista-casa-e-jardim\/' title='Revista Casa e Jardim'>Revista Casa e Jardim<\/a><\/h3><\/header><\/div><footer class=\"entry-footer\"><\/footer><\/article><\/div><\/div><\/div>   <!--   class=\"av-portfolio-grid-sorting-container\"  -->\n","protected":false},"excerpt":{"rendered":"","protected":false},"author":1,"featured_media":0,"parent":0,"menu_order":0,"comment_status":"closed","ping_status":"closed","template":"","meta":{"footnotes":""},"class_list":["post-1135","page","type-page","status-publish","hentry"],"_links":{"self":[{"href":"https:\/\/www.casinhadebrincar.com.br\/loja\/wp-json\/wp\/v2\/pages\/1135","targetHints":{"allow":["GET"]}}],"collection":[{"href":"https:\/\/www.casinhadebrincar.com.br\/loja\/wp-json\/wp\/v2\/pages"}],"about":[{"href":"https:\/\/www.casinhadebrincar.com.br\/loja\/wp-json\/wp\/v2\/types\/page"}],"author":[{"embeddable":true,"href":"https:\/\/www.casinhadebrincar.com.br\/loja\/wp-json\/wp\/v2\/users\/1"}],"replies":[{"embeddable":true,"href":"https:\/\/www.casinhadebrincar.com.br\/loja\/wp-json\/wp\/v2\/comments?post=1135"}],"version-history":[{"count":8,"href":"https:\/\/www.casinhadebrincar.com.br\/loja\/wp-json\/wp\/v2\/pages\/1135\/revisions"}],"predecessor-version":[{"id":4084,"href":"https:\/\/www.casinhadebrincar.com.br\/loja\/wp-json\/wp\/v2\/pages\/1135\/revisions\/4084"}],"wp:attachment":[{"href":"https:\/\/www.casinhadebrincar.com.br\/loja\/wp-json\/wp\/v2\/media?parent=1135"}],"curies":[{"name":"wp","href":"https:\/\/api.w.org\/{rel}","templated":true}]}}